{"id":92,"date":"2018-01-09T16:47:27","date_gmt":"2018-01-09T16:47:27","guid":{"rendered":"https:\/\/sentrycasa.com\/?page_id=92"},"modified":"2024-08-11T02:46:30","modified_gmt":"2024-08-11T06:46:30","slug":"sentry-casa-dienste","status":"publish","type":"page","link":"https:\/\/sentrycasa.com\/de\/sentry-casa-services\/","title":{"rendered":"Sentry Casa Dienstleistungen"},"content":{"rendered":"<div class=\"wpb-content-wrapper\"><div class=\"vc_row wpb_row vc_row-fluid shape_divider_top-none shape_divider_bottom-none\"><div class=\"wpb_column vc_column_container vc_col-sm-12 sc_layouts_column_icons_position_left\"><div class=\"vc_column-inner\"><div class=\"wpb_wrapper\"><div id=\"sc_title_1643686891\"\n\t\tclass=\"sc_title color_style_default sc_title_default\"><h6 class=\"sc_item_subtitle sc_title_subtitle sc_align_center sc_item_title_style_default\">Unsere Dienste<\/h6><h3 class=\"sc_item_title sc_title_title sc_align_center sc_item_title_style_default sc_item_title_tag\">Das ultimative All-in-One-Smart <br> Anbieter von Heim- und Gesundheitsdienstleistungen<\/h3><\/div><!-- \/.sc_title --><div class=\"vc_empty_space  sc_height_small\"   style=\"height: 0px\"><span class=\"vc_empty_space_inner\"><\/span><\/div><div class=\"vc_row wpb_row vc_inner vc_row-fluid shape_divider_top-none shape_divider_bottom-none\"><div class=\"wpb_column vc_column_container vc_col-sm-6 sc_layouts_column_icons_position_left\"><div class=\"vc_column-inner vc_custom_1525159124209\"><div class=\"wpb_wrapper\"><div id=\"sc_content_418520716\"\n\t\tclass=\"sc_content color_style_default sc_content_default sc_float_center sc_align_left\"><div class=\"sc_content_container\"><div id=\"sc_services_908902543\" class=\"sc_services color_style_default sc_services_timeline sc_services_featured_left\"><div class=\"sc_services_content sc_item_content sc_item_posts_container sc_item_columns_1\"><div class=\"sc_services_item no_links with_content with_icon sc_services_item_featured_left post-2094 cpt_services type-cpt_services status-publish has-post-thumbnail hentry cpt_services_group-our-services cpt_services_group-three-ways\"><div class=\"sc_services_item_timeline\"><\/div><a href=\"https:\/\/sentrycasa.com\/de\/services\/smart-vitals\/\" id=\"sc_services_908902543_icon-clipboard_1\"\n\t\t\t\t class=\"sc_services_item_marker sc_services_item_icon icon-clipboard\" style=\"background-color:#8224e3\"><\/a>\t\n\t<div class=\"sc_services_item_info\">\n\t\t<div class=\"post_featured with_thumb hover_icon sc_services_item_featured\"><img decoding=\"async\" width=\"450\" height=\"327\" src=\"https:\/\/sentrycasa.com\/wp-content\/uploads\/2024\/08\/Screenshot_2023-11-11_10-50-47-450x327.png\" class=\"attachment-smart_casa-thumb-additional size-smart_casa-thumb-additional wp-post-image\" alt=\"intelligente Vitalwerte\" title=\"Intelligente Vitalwerte\"><div class=\"mask\"><\/div><div class=\"icons\"><a href=\"https:\/\/sentrycasa.com\/de\/services\/smart-vitals\/\" aria-hidden=\"true\" class=\"icon-plus-1\"><\/a><\/div><\/div>\t\t<div class=\"sc_services_item_header\">\n\t\t\t\t\t\t<h6 class=\"sc_services_item_title\"><a href=\"https:\/\/sentrycasa.com\/de\/services\/smart-vitals\/\">Intelligente Vitalwerte<\/a><\/h6><\/div><div class=\"sc_services_item_content\"><p>Verwenden Sie die Kamera Ihres Smartphones, um mit unserer App f\u00fcr die transdermale optische Bildgebung in Sekundenschnelle Vitalzeichen und Blutzuckerdaten zu extrahieren.  <\/p>\n<\/div><div class=\"sc_services_item_button sc_item_button\"><a href=\"https:\/\/sentrycasa.com\/de\/services\/smart-vitals\/\" class=\"sc_button\">Info<\/a><\/div><\/div>\n<\/div><div class=\"sc_services_item no_links with_content with_icon sc_services_item_featured_left post-2096 cpt_services type-cpt_services status-publish has-post-thumbnail hentry cpt_services_group-our-services cpt_services_group-three-ways\"><div class=\"sc_services_item_timeline\"><\/div><a href=\"https:\/\/sentrycasa.com\/de\/services\/smart-health-automation\/\" id=\"sc_services_908902543_icon-calendar-light_2\"\n\t\t\t\t class=\"sc_services_item_marker sc_services_item_icon icon-calendar-light\" style=\"background-color:#8224e3\"><\/a>\t\n\t<div class=\"sc_services_item_info\">\n\t\t<div class=\"post_featured with_thumb hover_icon sc_services_item_featured\"><img decoding=\"async\" width=\"450\" height=\"327\" src=\"https:\/\/sentrycasa.com\/wp-content\/uploads\/2024\/08\/What-Our-Patients-Say-About-CENSON-450x327.jpg\" class=\"attachment-smart_casa-thumb-additional size-smart_casa-thumb-additional wp-post-image\" alt=\"Mithilfe einfacher Technologie erm\u00f6glicht die Smartphone-f\u00e4hige Plattform von Sentry Casa Dienste zur Fern\u00fcberwachung der Gesundheit.\" title=\"Intelligente Gesundheitsautomatisierung\"><div class=\"mask\"><\/div><div class=\"icons\"><a href=\"https:\/\/sentrycasa.com\/de\/services\/smart-health-automation\/\" aria-hidden=\"true\" class=\"icon-plus-1\"><\/a><\/div><\/div>\t\t<div class=\"sc_services_item_header\">\n\t\t\t\t\t\t<h6 class=\"sc_services_item_title\"><a href=\"https:\/\/sentrycasa.com\/de\/services\/smart-health-automation\/\">Intelligente Gesundheitsautomatisierung<\/a><\/h6><\/div><div class=\"sc_services_item_content\"><p>Mithilfe einfacher Technologie bietet die Smartphone-f\u00e4hige Plattform von Sentry Casa Fernautomatisierung und \u00dcberwachungsdienste im Gesundheitswesen.<\/p>\n<\/div><div class=\"sc_services_item_button sc_item_button\"><a href=\"https:\/\/sentrycasa.com\/de\/services\/smart-health-automation\/\" class=\"sc_button\">Info<\/a><\/div><\/div>\n<\/div><\/div><\/div><!-- \/.sc_services --><\/div><\/div><!-- \/.sc_content --><\/div><\/div><\/div><div class=\"wpb_column vc_column_container vc_col-sm-6 sc_layouts_column_icons_position_left\"><div class=\"vc_column-inner vc_custom_1525159131575\"><div class=\"wpb_wrapper\"><div class=\"vc_empty_space  hide_on_desktop hide_on_notebook hide_on_tablet sc_height_huge\"   style=\"height: 0px\"><span class=\"vc_empty_space_inner\"><\/span><\/div><div id=\"sc_content_921761795\"\n\t\tclass=\"sc_content color_style_default sc_content_default sc_float_center sc_align_right\"><div class=\"sc_content_container\"><div id=\"sc_services_904907853\" class=\"sc_services color_style_default sc_services_timeline sc_services_featured_right\"><div class=\"sc_services_content sc_item_content sc_item_posts_container sc_item_columns_1\"><div class=\"sc_services_item no_links with_content with_icon sc_services_item_featured_right post-2100 cpt_services type-cpt_services status-publish has-post-thumbnail hentry cpt_services_group-our-services cpt_services_group-three-ways\"><div class=\"sc_services_item_timeline\"><\/div><a href=\"https:\/\/sentrycasa.com\/de\/services\/smart-telehealth\/\" id=\"sc_services_904907853_icon-speech_1\"\n\t\t\t\t class=\"sc_services_item_marker sc_services_item_icon icon-speech\" style=\"background-color:#8224e3\"><\/a>\t\n\t<div class=\"sc_services_item_info\">\n\t\t<div class=\"post_featured with_thumb hover_icon sc_services_item_featured\"><img decoding=\"async\" width=\"450\" height=\"327\" src=\"https:\/\/sentrycasa.com\/wp-content\/uploads\/2024\/08\/Revolutionizing-Healthy-Aging-The-Benefits-and-Features-of-RAVCAREs-Digital-Therapeutics-for-Aging-in-Place-450x327.jpg\" class=\"attachment-smart_casa-thumb-additional size-smart_casa-thumb-additional wp-post-image\" alt=\"intelligente Telemedizin, Smart Home und Gesundheitsautomatisierung\" title=\"Intelligente Telemedizin\"><div class=\"mask\"><\/div><div class=\"icons\"><a href=\"https:\/\/sentrycasa.com\/de\/services\/smart-telehealth\/\" aria-hidden=\"true\" class=\"icon-plus-1\"><\/a><\/div><\/div>\t\t<div class=\"sc_services_item_header\">\n\t\t\t\t\t\t<h6 class=\"sc_services_item_title\"><a href=\"https:\/\/sentrycasa.com\/de\/services\/smart-telehealth\/\">Intelligente Telemedizin<\/a><\/h6><\/div><div class=\"sc_services_item_content\"><p>Ihr virtueller Hausarzt kann chronische, langfristige Erkrankungen behandeln oder wenn Sie sich einfach unwohl f\u00fchlen. Konsultationen sind sieben Tage die Woche von 8 bis 20 Uhr m\u00f6glich.<\/p>\n<\/div><div class=\"sc_services_item_button sc_item_button\"><a href=\"https:\/\/sentrycasa.com\/de\/services\/smart-telehealth\/\" class=\"sc_button\">Info<\/a><\/div><\/div>\n<\/div><div class=\"sc_services_item no_links with_content with_icon sc_services_item_featured_right post-2098 cpt_services type-cpt_services status-publish has-post-thumbnail hentry cpt_services_group-our-services cpt_services_group-three-ways\"><div class=\"sc_services_item_timeline\"><\/div><a href=\"https:\/\/sentrycasa.com\/de\/services\/smart-therapy\/\" id=\"sc_services_904907853_icon-icon6-1_2\"\n\t\t\t\t class=\"sc_services_item_marker sc_services_item_icon icon-icon6-1\" style=\"background-color:#8224e3\"><\/a>\t\n\t<div class=\"sc_services_item_info\">\n\t\t<div class=\"post_featured with_thumb hover_icon sc_services_item_featured\"><img decoding=\"async\" width=\"450\" height=\"327\" src=\"https:\/\/sentrycasa.com\/wp-content\/uploads\/2024\/08\/RAVCARE-Digital-Therapeutics-Revolutionizing-Healthcare-through-Evidence-Based-Digital-Interventions-450x327.jpg\" class=\"attachment-smart_casa-thumb-additional size-smart_casa-thumb-additional wp-post-image\" alt=\"Wir bef\u00e4higen Menschen, ihre chronischen Erkrankungen durch personalisierte digitale Therapien in den Griff zu bekommen.\" title=\"Intelligente Therapie\"><div class=\"mask\"><\/div><div class=\"icons\"><a href=\"https:\/\/sentrycasa.com\/de\/services\/smart-therapy\/\" aria-hidden=\"true\" class=\"icon-plus-1\"><\/a><\/div><\/div>\t\t<div class=\"sc_services_item_header\">\n\t\t\t\t\t\t<h6 class=\"sc_services_item_title\"><a href=\"https:\/\/sentrycasa.com\/de\/services\/smart-therapy\/\">Intelligente Therapie<\/a><\/h6><\/div><div class=\"sc_services_item_content\"><p>Wir bef\u00e4higen Menschen, ihre chronischen Erkrankungen durch personalisierte digitale Therapien in den Griff zu bekommen.<\/p>\n<\/div><div class=\"sc_services_item_button sc_item_button\"><a href=\"https:\/\/sentrycasa.com\/de\/services\/smart-therapy\/\" class=\"sc_button\">Info<\/a><\/div><\/div>\n<\/div><\/div><\/div><!-- \/.sc_services --><\/div><\/div><!-- \/.sc_content --><\/div><\/div><\/div><\/div><div class=\"vc_empty_space  sc_height_huge\"   style=\"height: 0px\"><span class=\"vc_empty_space_inner\"><\/span><\/div><\/div><\/div><\/div><\/div><div data-vc-full-width=\"true\" data-vc-full-width-temp=\"true\" data-vc-full-width-init=\"false\" class=\"vc_row wpb_row vc_row-fluid vc_custom_1525433440584 vc_row-has-fill shape_divider_top-none shape_divider_bottom-none\"><div class=\"wpb_column vc_column_container vc_col-sm-12 sc_layouts_column_icons_position_left\"><div class=\"vc_column-inner\"><div class=\"wpb_wrapper\"><div class=\"vc_empty_space  sc_height_huge\"   style=\"height: 0px\"><span class=\"vc_empty_space_inner\"><\/span><\/div><div id=\"sc_title_1886231325\"\n\t\tclass=\"sc_title color_style_default sc_title_default\"><h6 class=\"sc_item_subtitle sc_title_subtitle sc_align_center sc_item_title_style_default\">W\u00e4hlen Sie Ihren Plan<\/h6><h3 class=\"sc_item_title sc_title_title sc_align_center sc_item_title_style_default sc_item_title_tag\">Smart Home &amp; Gesundheitspakete<\/h3><\/div><!-- \/.sc_title --><div class=\"vc_empty_space  sc_height_small\"   style=\"height: 0px\"><span class=\"vc_empty_space_inner\"><\/span><\/div><div  id=\"sc_price_2074384110\" \n\tclass=\"sc_price color_style_default sc_price_default\"><div class=\"sc_price_columns_wrap sc_item_columns trx_addons_columns_wrap columns_padding_bottom\"><div class=\"trx_addons_column-1_3\"><div class=\"sc_price_item sc_price_item_default\">\n\t\t\t<div class=\"sc_price_item_info\"><div class=\"sc_price_item_price\"><span class=\"sc_price_item_price_before\">Aus <\/span><span class=\"sc_price_item_price_value\">$2<\/span><span class=\"sc_price_item_price_after\">\/ pro Monat<\/span><\/div><div class=\"sc_price_item_details\"><h6>Intelligente Vitalwerte<\/h6>\n<p>Behalten Sie die Vitalfunktionen im Auge<\/p><\/div><a href=\"\/\/sentrycasa.com\/about-us\/\" class=\"sc_price_item_link sc_button\">Info<\/a><\/div><!-- \/.sc_price_item_info --><\/div><\/div><div class=\"trx_addons_column-1_3\"><div class=\"sc_price_item sc_price_item_default\">\n\t\t\t<div class=\"sc_price_item_info\"><div class=\"sc_price_item_price\"><span class=\"sc_price_item_price_before\">Aus <\/span><span class=\"sc_price_item_price_value\">$19<\/span><span class=\"sc_price_item_price_after\">\/ pro Monat<\/span><\/div><div class=\"sc_price_item_details\"><h6>Intelligente Gesundheits\u00fcberwachung<\/h6>\n<p>\u00dcberwachung Ihrer Gesundheit rund um die Uhr<\/p><\/div><a href=\"\/\/sentrycasa.com\/about-us\/\" class=\"sc_price_item_link sc_button\">Info<\/a><\/div><!-- \/.sc_price_item_info --><\/div><\/div><div class=\"trx_addons_column-1_3\"><div class=\"sc_price_item sc_price_item_default\">\n\t\t\t<div class=\"sc_price_item_info\"><div class=\"sc_price_item_price\"><span class=\"sc_price_item_price_before\">Aus <\/span><span class=\"sc_price_item_price_value\">$69<\/span><span class=\"sc_price_item_price_after\">\/ pro Monat<\/span><\/div><div class=\"sc_price_item_details\"><h6>Intelligente Therapie<\/h6>\n<p>Digitale Therapeutika f\u00fcr chronische Erkrankungen<\/p><\/div><a href=\"\/\/sentrycasa.com\/about-us\/\" class=\"sc_price_item_link sc_button\">Info<\/a><\/div><!-- \/.sc_price_item_info --><\/div><\/div><\/div><\/div><!-- \/.sc_price --><div class=\"vc_empty_space\"   style=\"height: 1em\"><span class=\"vc_empty_space_inner\"><\/span><\/div><div class=\"vc_empty_space  hide_on_tablet hide_on_mobile\"   style=\"height: 1em\"><span class=\"vc_empty_space_inner\"><\/span><\/div><div class=\"sc_item_button sc_button_wrap sc_align_center\"><a href=\"\/\/sentrycasa.com\/contacts\/\" id=\"sc_button_1403426253\" class=\"sc_button color_style_default sc_button_default sc_button_size_normal sc_button_icon_left\"><span class=\"sc_button_text\"><span class=\"sc_button_title\">Angebot anfordern<\/span><\/span><!-- \/.sc_button_text --><\/a><!-- \/.sc_button --><\/div><!-- \/.sc_item_button --><div class=\"vc_empty_space  sc_height_huge\"   style=\"height: 0px\"><span class=\"vc_empty_space_inner\"><\/span><\/div><\/div><\/div><\/div><\/div><div class=\"vc_row-full-width vc_clearfix\"><\/div><div class=\"vc_row wpb_row vc_row-fluid vc_custom_1525183699930 vc_row-has-fill shape_divider_top-none shape_divider_bottom-none\"><div class=\"wpb_column vc_column_container vc_col-sm-12 sc_layouts_column_icons_position_left\"><div class=\"vc_column-inner\"><div class=\"wpb_wrapper\"><div class=\"vc_empty_space  sc_height_huge\"   style=\"height: 0px\"><span class=\"vc_empty_space_inner\"><\/span><\/div><div id=\"sc_title_1639142437\"\n\t\tclass=\"sc_title color_style_default sc_title_default\"><h6 class=\"sc_item_subtitle sc_title_subtitle sc_align_center sc_item_title_style_default\">Kundenbewertungen<\/h6><h3 class=\"sc_item_title sc_title_title sc_align_center sc_item_title_style_default sc_item_title_tag\">Gl\u00fcckliche Hausbesitzer <br> \u00dcber uns<\/h3><\/div><!-- \/.sc_title --><div class=\"vc_empty_space  sc_height_small\"   style=\"height: 0px\"><span class=\"vc_empty_space_inner\"><\/span><\/div><\/div><\/div><\/div><\/div><div class=\"vc_row wpb_row vc_row-fluid vc_custom_1723358597365 vc_row-has-fill vc_row-o-equal-height vc_row-flex shape_divider_top-none shape_divider_bottom-none\"><div class=\"wpb_column vc_column_container vc_col-sm-6 sc_layouts_column_icons_position_left\"><div class=\"vc_column-inner vc_custom_1525184950366\"><div class=\"wpb_wrapper\"><div id=\"sc_content_78354066\"\n\t\tclass=\"sc_content color_style_default sc_content_default sc_float_center sc_padding_medium\"><div class=\"sc_content_container\"><div class=\"vc_empty_space  hide_on_tablet hide_on_mobile\"   style=\"height: 2.5em\"><span class=\"vc_empty_space_inner\"><\/span><\/div><div  id=\"sc_testimonials_94059326\"\t\tclass=\"sc_testimonials color_style_default scheme_dark sc_testimonials_alter\"><div id=\"sc_testimonials_94059326_outer\" class=\"sc_testimonials_slider sc_item_slider slider_swiper_outer slider_outer slider_outer_nocontrols slider_outer_pagination slider_outer_pagination_bullets slider_outer_pagination_pos_bottom slider_outer_one\">\n\t<div id=\"sc_testimonials_94059326_swiper\" class=\"slider_container swiper-slider-container slider_swiper slider_noresize slider_nocontrols slider_pagination slider_pagination_bullets slider_pagination_pos_bottom slider_one\" data-slides-space=\"40\" data-slides-min-width=\"290\" data-pagination=\"bullets\">\n\t\t<div class=\"slides slider-wrapper swiper-wrapper sc_item_columns_1\"><div class=\"slider-slide swiper-slide\"><div class=\"sc_testimonials_item\">\n\t<div class=\"sc_testimonials_item_content\"><p>\u201eVon dem Moment an, als wir unsere Haust\u00fcr \u00f6ffneten, war das gesamte Erlebnis absolut unglaublich. Es ist ungew\u00f6hnlich, jemanden zu treffen, der einen in Sachen Kundenservice wirklich begeistert, aber sie haben es geschafft!\u201c<\/p>\n<\/div>\n\t<div class=\"sc_testimonials_item_author\">\n\t\t\t\t\t<div class=\"sc_testimonials_item_author_avatar\"><img decoding=\"async\" width=\"90\" height=\"90\" src=\"https:\/\/sentrycasa.com\/wp-content\/uploads\/2018\/01\/customer-testimonial-01-90x90.jpg\" class=\"attachment-smart_casa-thumb-tiny size-smart_casa-thumb-tiny wp-post-image\" alt=\"Jerry Gr\u00fcn\" srcset=\"https:\/\/sentrycasa.com\/wp-content\/uploads\/2018\/01\/customer-testimonial-01-90x90.jpg 90w, https:\/\/sentrycasa.com\/wp-content\/uploads\/2018\/01\/customer-testimonial-01-150x150.jpg 150w, https:\/\/sentrycasa.com\/wp-content\/uploads\/2018\/01\/customer-testimonial-01-370x370.jpg 370w\" sizes=\"(max-width: 90px) 100vw, 90px\" title=\"Jerry Gr\u00fcn\"><\/div>\n\t\t\t\t<div class=\"sc_testimonials_item_author_data\">\n\t\t\t<h4 class=\"sc_testimonials_item_author_title\">Jerry Gr\u00fcn<\/h4>\n\t\t\t<div class=\"sc_testimonials_item_author_subtitle\">Chicago, Illinois<\/div>\n\t\t<\/div>\n\t<\/div>\n<\/div>\n<\/div><div class=\"slider-slide swiper-slide\"><div class=\"sc_testimonials_item\">\n\t<div class=\"sc_testimonials_item_content\"><p>\u201eIhr Unternehmen hat alles perfekt gehandhabt: vom Design bis zur Implementierung. Die Techniker vor Ort haben alles getan, um sicherzustellen, dass die Benutzeroberfl\u00e4che an unseren Lebensstil und unsere Vorlieben angepasst wurde.\u201c<\/p>\n<\/div>\n\t<div class=\"sc_testimonials_item_author\">\n\t\t\t\t\t<div class=\"sc_testimonials_item_author_avatar\"><img decoding=\"async\" width=\"90\" height=\"90\" src=\"https:\/\/sentrycasa.com\/wp-content\/uploads\/2018\/01\/customer-testimonial-02.jpg-90x90.jpg\" class=\"attachment-smart_casa-thumb-tiny size-smart_casa-thumb-tiny wp-post-image\" alt=\"Angie Allen\" srcset=\"https:\/\/sentrycasa.com\/wp-content\/uploads\/2018\/01\/customer-testimonial-02.jpg-90x90.jpg 90w, https:\/\/sentrycasa.com\/wp-content\/uploads\/2018\/01\/customer-testimonial-02.jpg-150x150.jpg 150w, https:\/\/sentrycasa.com\/wp-content\/uploads\/2018\/01\/customer-testimonial-02.jpg-460x460.jpg 460w, https:\/\/sentrycasa.com\/wp-content\/uploads\/2018\/01\/customer-testimonial-02.jpg-370x370.jpg 370w\" sizes=\"(max-width: 90px) 100vw, 90px\" title=\"Angie Allen\"><\/div>\n\t\t\t\t<div class=\"sc_testimonials_item_author_data\">\n\t\t\t<h4 class=\"sc_testimonials_item_author_title\">Angie Allen<\/h4>\n\t\t\t<div class=\"sc_testimonials_item_author_subtitle\">Chicago, Illinois<\/div>\n\t\t<\/div>\n\t<\/div>\n<\/div>\n<\/div><div class=\"slider-slide swiper-slide\"><div class=\"sc_testimonials_item\">\n\t<div class=\"sc_testimonials_item_content\"><p>\u201eDie Jungs verstehen ihr Handwerk. Die Steuerung f\u00fcr Licht, Alarm, Klima und Medien funktionierte sofort nach der Installation. Alles hat sich nach kurzer Zeit von selbst ergeben. Absolut empfehlenswert!\u201c<\/p>\n<\/div>\n\t<div class=\"sc_testimonials_item_author\">\n\t\t\t\t\t<div class=\"sc_testimonials_item_author_avatar\"><img decoding=\"async\" width=\"90\" height=\"90\" src=\"https:\/\/sentrycasa.com\/wp-content\/uploads\/2018\/01\/customer-testimonial-03-90x90.jpg\" class=\"attachment-smart_casa-thumb-tiny size-smart_casa-thumb-tiny wp-post-image\" alt=\"Madeline Butler\" srcset=\"https:\/\/sentrycasa.com\/wp-content\/uploads\/2018\/01\/customer-testimonial-03-90x90.jpg 90w, https:\/\/sentrycasa.com\/wp-content\/uploads\/2018\/01\/customer-testimonial-03-150x150.jpg 150w, https:\/\/sentrycasa.com\/wp-content\/uploads\/2018\/01\/customer-testimonial-03-370x370.jpg 370w\" sizes=\"(max-width: 90px) 100vw, 90px\" title=\"Madeline Butler\"><\/div>\n\t\t\t\t<div class=\"sc_testimonials_item_author_data\">\n\t\t\t<h4 class=\"sc_testimonials_item_author_title\">Madeline Butler<\/h4>\n\t\t\t<div class=\"sc_testimonials_item_author_subtitle\">Chicago, Illinois<\/div>\n\t\t<\/div>\n\t<\/div>\n<\/div>\n<\/div><\/div><\/div><div class=\"slider_pagination_wrap swiper-pagination\"><\/div><\/div><\/div><!-- \/.sc_testimonials --><\/div><\/div><!-- \/.sc_content --><\/div><\/div><\/div><div class=\"wpb_column vc_column_container vc_col-sm-6 vc_col-has-fill sc_layouts_column_icons_position_left\"><div class=\"vc_column-inner vc_custom_1723358713095\"><div class=\"wpb_wrapper\"><div class=\"vc_empty_space\"   style=\"height: 30em\"><span class=\"vc_empty_space_inner\"><\/span><\/div><\/div><\/div><\/div><\/div>\n<\/div>","protected":false},"excerpt":{"rendered":"\u201eDie Jungs verstehen ihr Handwerk. Die Steuerung f\u00fcr Licht, Alarm, Klima und Medien funktionierte sofort nach der Installation. Alles hat sich nach kurzer Zeit irgendwie von selbst ergeben. Kann nicht mehr\u2026","protected":false},"author":1,"featured_media":0,"parent":0,"menu_order":0,"comment_status":"closed","ping_status":"closed","template":"","meta":{"rs_blank_template":"","rs_page_bg_color":"","slide_template_v7":"","footnotes":""},"class_list":["post-92","page","type-page","status-publish","hentry"],"_links":{"self":[{"href":"https:\/\/sentrycasa.com\/de\/wp-json\/wp\/v2\/pages\/92","targetHints":{"allow":["GET"]}}],"collection":[{"href":"https:\/\/sentrycasa.com\/de\/wp-json\/wp\/v2\/pages"}],"about":[{"href":"https:\/\/sentrycasa.com\/de\/wp-json\/wp\/v2\/types\/page"}],"author":[{"embeddable":true,"href":"https:\/\/sentrycasa.com\/de\/wp-json\/wp\/v2\/users\/1"}],"replies":[{"embeddable":true,"href":"https:\/\/sentrycasa.com\/de\/wp-json\/wp\/v2\/comments?post=92"}],"version-history":[{"count":0,"href":"https:\/\/sentrycasa.com\/de\/wp-json\/wp\/v2\/pages\/92\/revisions"}],"wp:attachment":[{"href":"https:\/\/sentrycasa.com\/de\/wp-json\/wp\/v2\/media?parent=92"}],"curies":[{"name":"wp","href":"https:\/\/api.w.org\/{rel}","templated":true}]}}