{"id":243,"date":"2018-01-11T14:28:31","date_gmt":"2018-01-11T14:28:31","guid":{"rendered":"https:\/\/sentrycasa.com\/?page_id=243"},"modified":"2024-08-11T06:27:59","modified_gmt":"2024-08-11T10:27:59","slug":"nuestras-caracteristicas","status":"publish","type":"page","link":"https:\/\/sentrycasa.com\/es\/our-features\/","title":{"rendered":"Caracter\u00edsticas"},"content":{"rendered":"<div class=\"wpb-content-wrapper\"><div data-vc-full-width=\"true\" data-vc-full-width-temp=\"true\" data-vc-full-width-init=\"false\" class=\"vc_row wpb_row vc_row-fluid vc_custom_1524841776249 vc_row-has-fill shape_divider_top-none shape_divider_bottom-none\"><div class=\"wpb_column vc_column_container vc_col-sm-12 sc_layouts_column_icons_position_left\"><div class=\"vc_column-inner\"><div class=\"wpb_wrapper\"><div class=\"vc_empty_space  sc_height_huge\"   style=\"height: 0px\"><span class=\"vc_empty_space_inner\"><\/span><\/div><div class=\"vc_row wpb_row vc_inner vc_row-fluid shape_divider_top-none shape_divider_bottom-none\"><div class=\"wpb_column vc_column_container vc_col-sm-6 sc_layouts_column_icons_position_left\"><div class=\"vc_column-inner\"><div class=\"wpb_wrapper\">\n\t<div  class=\"wpb_single_image wpb_content_element vc_align_left wpb_content_element\">\n\t\t\n\t\t<figure class=\"wpb_wrapper vc_figure\">\n\t\t\t<div class=\"vc_single_image-wrapper   vc_box_border_grey\"><\/div>\n\t\t<\/figure>\n\t<\/div>\n<div class=\"vc_empty_space  hide_on_mobile\"   style=\"height: 2.4em\"><span class=\"vc_empty_space_inner\"><\/span><\/div><div class=\"vc_empty_space  hide_on_desktop hide_on_notebook hide_on_tablet\"   style=\"height: 1.8em\"><span class=\"vc_empty_space_inner\"><\/span><\/div><div id=\"sc_title_2099538093\"\n\t\tclass=\"sc_title color_style_default sc_title_default\"><h6 class=\"sc_item_subtitle sc_title_subtitle sc_align_left sc_item_title_style_default\">Bienvenido a Smart Home Systems<\/h6><h3 class=\"sc_item_title sc_title_title sc_align_left sc_item_title_style_default sc_item_title_tag\">Haga su hogar m\u00e1s inteligente<\/h3><\/div><!-- \/.sc_title --><div class=\"vc_empty_space\"   style=\"height: 1em\"><span class=\"vc_empty_space_inner\"><\/span><\/div><div class=\"vc_empty_space  hide_on_tablet hide_on_mobile\"   style=\"height: 1.5em\"><span class=\"vc_empty_space_inner\"><\/span><\/div>\n\t<div class=\"wpb_text_column wpb_content_element\" >\n\t\t<div class=\"wpb_wrapper\">\n\t\t\t<p>Tiene la oportunidad de vigilar su casa desde cualquier lugar y a cualquier hora del d\u00eda o de la noche. Una casa inteligente tiene una excelente calidad de v\u00eddeo, transmisi\u00f3n en directo y audio bidireccional.<\/p>\n\n\t\t<\/div>\n\t<\/div>\n<\/div><\/div><\/div><div class=\"wpb_column vc_column_container vc_col-sm-6 sc_layouts_column_icons_position_left\"><div class=\"vc_column-inner\"><div class=\"wpb_wrapper\"><div class=\"vc_empty_space  hide_on_desktop hide_on_notebook hide_on_tablet sc_height_huge\"   style=\"height: 0px\"><span class=\"vc_empty_space_inner\"><\/span><\/div><div id=\"sc_icons_1926988372\" \n\tclass=\"sc_icons sc_icons_extra sc_icons_size_medium sc_align_center\"><div class=\"sc_icons_columns_wrap sc_item_columns trx_addons_columns_wrap columns_padding_bottom\"><div class=\"trx_addons_column-1_2\"><div class=\"sc_icons_item\"><div id=\"sc_icons_1926988372_icon-icon1-1\" class=\"sc_icons_icon sc_icon_type_ icon-icon1-1\"\n\t\t\t\t\t\t\t\t\t\t\t\t><span class=\"sc_icon_type_ icon-icon1-1\"><\/span><\/div><h4 class=\"sc_icons_item_title\"><span>Seguridad &amp;<\/span><span>Vigilancia<\/span><\/h4><\/div><\/div><div class=\"trx_addons_column-1_2\"><div class=\"sc_icons_item\"><div id=\"sc_icons_1926988372_icon-icon3-1\" class=\"sc_icons_icon sc_icon_type_ icon-icon3-1\"\n\t\t\t\t\t\t\t\t\t\t\t\t><span class=\"sc_icon_type_ icon-icon3-1\"><\/span><\/div><h4 class=\"sc_icons_item_title\"><span>Nube libre<\/span><span>Grabaci\u00f3n<\/span><\/h4><\/div><\/div><div class=\"trx_addons_column-1_2\"><div class=\"sc_icons_item\"><div id=\"sc_icons_1926988372_icon-icon2-1\" class=\"sc_icons_icon sc_icon_type_ icon-icon2-1\"\n\t\t\t\t\t\t\t\t\t\t\t\t><span class=\"sc_icon_type_ icon-icon2-1\"><\/span><\/div><h4 class=\"sc_icons_item_title\"><span>Elegante<\/span><span>Alertas<\/span><\/h4><\/div><\/div><div class=\"trx_addons_column-1_2\"><div class=\"sc_icons_item\"><div id=\"sc_icons_1926988372_icon-icon4-2\" class=\"sc_icons_icon sc_icon_type_ icon-icon4-2\"\n\t\t\t\t\t\t\t\t\t\t\t\t><span class=\"sc_icon_type_ icon-icon4-2\"><\/span><\/div><h4 class=\"sc_icons_item_title\"><span>24\/7<\/span><span>Escucha<\/span><\/h4><\/div><\/div><\/div><\/div><!-- \/.sc_icons --><\/div><\/div><\/div><\/div><div class=\"vc_empty_space  sc_height_extra_huge\"   style=\"height: 0px\"><span class=\"vc_empty_space_inner\"><\/span><\/div><\/div><\/div><\/div><\/div><div class=\"vc_row-full-width vc_clearfix\"><\/div><div class=\"vc_row wpb_row vc_row-fluid shape_divider_top-none shape_divider_bottom-none\"><div class=\"wpb_column vc_column_container vc_col-sm-12 sc_layouts_column_icons_position_left\"><div class=\"vc_column-inner\"><div class=\"wpb_wrapper\"><div class=\"vc_empty_space  sc_height_huge\"   style=\"height: 0px\"><span class=\"vc_empty_space_inner\"><\/span><\/div><div id=\"sc_title_1333697184\"\n\t\tclass=\"sc_title color_style_default sc_title_default\"><h6 class=\"sc_item_subtitle sc_title_subtitle sc_align_center sc_item_title_style_default\">Nuestro equipo<\/h6><h3 class=\"sc_item_title sc_title_title sc_align_center sc_item_title_style_default sc_item_title_tag\">Los mejores profesionales<\/h3><\/div><!-- \/.sc_title --><div class=\"vc_empty_space  sc_height_small\"   style=\"height: 0px\"><span class=\"vc_empty_space_inner\"><\/span><\/div><div  id=\"sc_team_1571372354\"\t\tclass=\"sc_team color_style_default scheme_dark sc_team_extra\"><div class=\"sc_team_columns_wrap sc_item_columns sc_item_posts_container trx_addons_columns_wrap columns_padding_bottom\"><div class=\"trx_addons_column-1_2\"><div class=\"sc_team_item no_links post-190 cpt_team type-cpt_team status-publish has-post-thumbnail hentry\">\n\t<div class=\"post_featured with_thumb hover_ sc_team_item_thumb\"><img decoding=\"async\" width=\"359\" height=\"348\" src=\"https:\/\/sentrycasa.com\/wp-content\/uploads\/2018\/01\/simon-headshot.png\" class=\"attachment-smart_casa-thumb-portrait size-smart_casa-thumb-portrait wp-post-image\" alt=\"Simon Halliday\" srcset=\"https:\/\/sentrycasa.com\/wp-content\/uploads\/2018\/01\/simon-headshot.png 359w, https:\/\/sentrycasa.com\/wp-content\/uploads\/2018\/01\/simon-headshot-300x291.png 300w\" sizes=\"(max-width: 359px) 100vw, 359px\" title=\"Simon Halliday\"><a href=\"https:\/\/sentrycasa.com\/es\/team\/simon-halliday\/\" aria-hidden=\"true\" class=\"icons\"><\/a><\/div>    <div class=\"sc_team_item_info\">\n\t\t<div class=\"sc_team_item_header\">\n\t\t\t<h4 class=\"sc_team_item_title\"><a href=\"https:\/\/sentrycasa.com\/es\/team\/simon-halliday\/\">Simon Halliday<\/a><\/h4>\n\t\t\t<div class=\"sc_team_item_subtitle\">DIRECTOR GENERAL<\/div>\n\t\t<\/div>\n\t\t<div class=\"sc_team_item_content\"><p>https:\/\/www.linkedin.com\/in\/simon-censon\/<\/p>\n<\/div>\n\t\t<div class=\"sc_team_item_socials socials_wrap\"><a target=\"_blank\" href=\"https:\/\/www.linkedin.com\/in\/simon-censon\/\" class=\"social_item social_item_style_icons social_item_type_icons\"><span class=\"social_icon social_icon_linkedin\"><span class=\"icon-linkedin\"><\/span><\/span><\/a><\/div><\/div>\n<\/div><\/div><div class=\"trx_addons_column-1_2\"><div class=\"sc_team_item no_links post-196 cpt_team type-cpt_team status-publish has-post-thumbnail hentry\">\n\t<div class=\"post_featured with_thumb hover_ sc_team_item_thumb\"><img decoding=\"async\" width=\"540\" height=\"640\" src=\"https:\/\/sentrycasa.com\/wp-content\/uploads\/2018\/01\/daniel-photo-01-540x640.jpg\" class=\"attachment-smart_casa-thumb-portrait size-smart_casa-thumb-portrait wp-post-image\" alt=\"Daniel Lantape\" title=\"Daniel Lantape\"><a href=\"https:\/\/sentrycasa.com\/es\/team\/daniel-lantape\/\" aria-hidden=\"true\" class=\"icons\"><\/a><\/div>    <div class=\"sc_team_item_info\">\n\t\t<div class=\"sc_team_item_header\">\n\t\t\t<h4 class=\"sc_team_item_title\"><a href=\"https:\/\/sentrycasa.com\/es\/team\/daniel-lantape\/\">Daniel Lantape<\/a><\/h4>\n\t\t\t<div class=\"sc_team_item_subtitle\">Investigaci\u00f3n m\u00e9dica<\/div>\n\t\t<\/div>\n\t\t<div class=\"sc_team_item_content\"><p>Daniel Lantape es el director de investigaci\u00f3n m\u00e9dica de Sentry Casa.<\/p>\n<\/div>\n\t\t<div class=\"sc_team_item_socials socials_wrap\"><a target=\"_blank\" href=\"https:\/\/www.linkedin.com\/in\/daniel-lantape\/\" class=\"social_item social_item_style_icons social_item_type_icons\"><span class=\"social_icon social_icon_linkedin\"><span class=\"icon-linkedin\"><\/span><\/span><\/a><\/div><\/div>\n<\/div><\/div><\/div><\/div><!-- \/.sc_team --><div class=\"vc_empty_space\"   style=\"height: 1em\"><span class=\"vc_empty_space_inner\"><\/span><\/div><div class=\"vc_empty_space  hide_on_tablet hide_on_mobile\"   style=\"height: 1em\"><span class=\"vc_empty_space_inner\"><\/span><\/div><div class=\"sc_item_button sc_button_wrap sc_align_center\"><a href=\"\/\/sentrycasa.com\/about-us\/\" id=\"sc_button_1087956261\" class=\"sc_button color_style_default sc_button_default sc_button_size_normal sc_button_icon_left\"><span class=\"sc_button_text\"><span class=\"sc_button_title\">Todos los miembros del equipo<\/span><\/span><!-- \/.sc_button_text --><\/a><!-- \/.sc_button --><\/div><!-- \/.sc_item_button --><div class=\"vc_empty_space  sc_height_huge\"   style=\"height: 0px\"><span class=\"vc_empty_space_inner\"><\/span><\/div><\/div><\/div><\/div><\/div><div data-vc-full-width=\"true\" data-vc-full-width-temp=\"true\" data-vc-full-width-init=\"false\" class=\"vc_row wpb_row vc_row-fluid vc_custom_1525783008496 vc_row-has-fill sc_bg_mask_7 shape_divider_top-none shape_divider_bottom-none scheme_dark\"><div class=\"wpb_column vc_column_container vc_col-sm-12 sc_layouts_column_icons_position_left\"><div class=\"vc_column-inner\"><div class=\"wpb_wrapper\"><div class=\"vc_empty_space  sc_height_huge\"   style=\"height: 0px\"><span class=\"vc_empty_space_inner\"><\/span><\/div><div id=\"sc_title_1252069884\"\n\t\tclass=\"sc_title color_style_dark sc_title_default\"><h6 class=\"sc_item_subtitle sc_title_subtitle sc_align_center sc_item_title_style_default\">Hacer preguntas<\/h6><h3 class=\"sc_item_title sc_title_title sc_align_center sc_item_title_style_default sc_item_title_tag\">Preguntas frecuentes<\/h3><\/div><!-- \/.sc_title --><div class=\"vc_empty_space\"   style=\"height: 2em\"><span class=\"vc_empty_space_inner\"><\/span><\/div><div class=\"vc_empty_space  hide_on_mobile\"   style=\"height: 2em\"><span class=\"vc_empty_space_inner\"><\/span><\/div><div id=\"sc_content_1473170811\"\n\t\tclass=\"sc_content color_style_default sc_content_default sc_content_width_70p sc_float_center extra_width\"><div class=\"sc_content_container\"><div  class=\"vc_do_toggle vc_toggle vc_toggle_round vc_toggle_color_default vc_toggle_color_inverted vc_toggle_size_md\"><div class=\"vc_toggle_title\"><h4>\u00bfQu\u00e9 es la dom\u00f3tica?<\/h4><i class=\"vc_toggle_icon\"><\/i><\/div><div class=\"vc_toggle_content\"><p>La casa inteligente es la automatizaci\u00f3n de edificios que te hace la vida m\u00e1s f\u00e1cil. Incluye la automatizaci\u00f3n del aire acondicionado, la iluminaci\u00f3n, la ventilaci\u00f3n y la seguridad. Tambi\u00e9n se pueden controlar electrodom\u00e9sticos como frigor\u00edficos, lavadoras u hornos. Para la supervisi\u00f3n y el control a distancia se utiliza Wi-Fi. Hoy en d\u00eda, los dispositivos dom\u00e9sticos son una parte importante e inalienable de nuestra vida.<\/p>\n<\/div><\/div><div  class=\"vc_do_toggle vc_toggle vc_toggle_round vc_toggle_color_default vc_toggle_color_inverted vc_toggle_size_md\"><div class=\"vc_toggle_title\"><h4>\u00bfQu\u00e9 es un hogar inteligente?<\/h4><i class=\"vc_toggle_icon\"><\/i><\/div><div class=\"vc_toggle_content\"><p>En primer lugar, un hogar inteligente es su mejor compa\u00f1ero para una vida acogedora. Los nuevos sistemas suelen constar de sensores conectados a un concentrador central desde el que se controla el sistema con una interfaz de usuario. Suele interactuar con un software de tel\u00e9fono m\u00f3vil, una interfaz web o una tableta. Hoy en d\u00eda, los sistemas dom\u00e9sticos inteligentes pueden encontrar las llaves de tu coche, encargar una cena, bajar el termostato y avisarte de cualquier perturbaci\u00f3n cuando est\u00e1s fuera.<\/p>\n<\/div><\/div><div  class=\"vc_do_toggle vc_toggle vc_toggle_round vc_toggle_color_default vc_toggle_color_inverted vc_toggle_size_md\"><div class=\"vc_toggle_title\"><h4>\u00bfC\u00f3mo hacer que su casa sea inteligente?<\/h4><i class=\"vc_toggle_icon\"><\/i><\/div><div class=\"vc_toggle_content\"><p>Un hogar inteligente es un nuevo est\u00e1ndar de confort en todo el mundo. En los \u00faltimos a\u00f1os han surgido multitud de nuevos artilugios destinados a ayudar a las personas a hacer que sus hogares sean inteligentes: desde bombillas hasta hervidores de agua y cerraduras de puertas. Cualquier dispositivo o electrodom\u00e9stico que utilice electricidad puede incluirse en su red dom\u00e9stica. Controle su casa con comandos de voz, movimientos de la mano, tabletas o tel\u00e9fonos inteligentes: reaccionar\u00e1.<\/p>\n<\/div><\/div><div class=\"vc_empty_space\"   style=\"height: 0.9em\"><span class=\"vc_empty_space_inner\"><\/span><\/div><div class=\"sc_item_button sc_button_wrap sc_align_center\"><a href=\"\/\/sentrycasa.com\/about-us\/\" id=\"sc_button_877329884\" class=\"sc_button color_style_default sc_button_default sc_button_size_normal sc_button_icon_left\"><span class=\"sc_button_text\"><span class=\"sc_button_title\">M\u00e1s informaci\u00f3n<\/span><\/span><!-- \/.sc_button_text --><\/a><!-- \/.sc_button --><\/div><!-- \/.sc_item_button --><\/div><\/div><!-- \/.sc_content --><div class=\"vc_empty_space  sc_height_huge\"   style=\"height: 0px\"><span class=\"vc_empty_space_inner\"><\/span><\/div><\/div><\/div><\/div><\/div><div class=\"vc_row-full-width vc_clearfix\"><\/div><div class=\"vc_row wpb_row vc_row-fluid shape_divider_top-none shape_divider_bottom-none\"><div class=\"wpb_column vc_column_container vc_col-sm-12 sc_layouts_column_icons_position_left\"><div class=\"vc_column-inner\"><div class=\"wpb_wrapper\"><div class=\"vc_empty_space  sc_height_huge\"   style=\"height: 0px\"><span class=\"vc_empty_space_inner\"><\/span><\/div><div id=\"sc_title_582128685\"\n\t\tclass=\"sc_title color_style_default sc_title_default\"><h6 class=\"sc_item_subtitle sc_title_subtitle sc_align_center sc_item_title_style_default\">Gestiona f\u00e1cilmente tu casa inteligente desde cualquier lugar<\/h6><h3 class=\"sc_item_title sc_title_title sc_align_center sc_item_title_style_default sc_item_title_tag\">Tres formas de control <br> Tu casa<\/h3><\/div><!-- \/.sc_title --><div class=\"vc_empty_space  sc_height_small\"   style=\"height: 0px\"><span class=\"vc_empty_space_inner\"><\/span><\/div><div id=\"sc_services_1350579121\" class=\"sc_services color_style_default sc_services_default sc_services_featured_top\"><div class=\"sc_services_columns_wrap sc_item_columns sc_item_posts_container sc_item_columns_3 trx_addons_columns_wrap columns_padding_bottom\"><div class=\"trx_addons_column-1_3\"><div class=\"sc_services_item no_links with_content with_icon sc_services_item_featured_top post-2100 cpt_services type-cpt_services status-publish has-post-thumbnail hentry cpt_services_group-our-services cpt_services_group-three-ways\">\n\t<a href=\"https:\/\/sentrycasa.com\/es\/services\/smart-telehealth\/\" id=\"sc_services_1350579121_icon-speech_1\"\n\t\t\t\t class=\"sc_services_item_icon icon-speech\" style=\"color:#8224e3\"><\/a>\t\n\t<div class=\"sc_services_item_info\">\n\t\t<div class=\"sc_services_item_header\">\n\t\t\t<h4 class=\"sc_services_item_title\"><a href=\"https:\/\/sentrycasa.com\/es\/services\/smart-telehealth\/\">Telemedicina inteligente<\/a><\/h4>\n            \t\t<\/div>\n\t\t\t\t\t<div class=\"sc_services_item_content\"><p>Su m\u00e9dico de atenci\u00f3n primaria virtual puede tratar afecciones cr\u00f3nicas de larga duraci\u00f3n o si simplemente se siente indispuesto. Consultas disponibles de 8 a 20 h los siete d\u00edas de la semana.<\/p>\n<\/div><div class=\"sc_services_item_button sc_item_button\"><a href=\"https:\/\/sentrycasa.com\/es\/services\/smart-telehealth\/\" class=\"sc_button\">Informaci\u00f3n<\/a><\/div><\/div>\n<\/div>\n<\/div><div class=\"trx_addons_column-1_3\"><div class=\"sc_services_item no_links with_content with_icon sc_services_item_featured_top post-2098 cpt_services type-cpt_services status-publish has-post-thumbnail hentry cpt_services_group-our-services cpt_services_group-three-ways\">\n\t<a href=\"https:\/\/sentrycasa.com\/es\/services\/smart-therapy\/\" id=\"sc_services_1350579121_icon-icon6-1_2\"\n\t\t\t\t class=\"sc_services_item_icon icon-icon6-1\" style=\"color:#8224e3\"><\/a>\t\n\t<div class=\"sc_services_item_info\">\n\t\t<div class=\"sc_services_item_header\">\n\t\t\t<h4 class=\"sc_services_item_title\"><a href=\"https:\/\/sentrycasa.com\/es\/services\/smart-therapy\/\">Terapia inteligente<\/a><\/h4>\n            \t\t<\/div>\n\t\t\t\t\t<div class=\"sc_services_item_content\"><p>Empoderar a las personas para que tomen el control de sus enfermedades cr\u00f3nicas mediante terapias digitales personalizadas.<\/p>\n<\/div><div class=\"sc_services_item_button sc_item_button\"><a href=\"https:\/\/sentrycasa.com\/es\/services\/smart-therapy\/\" class=\"sc_button\">Informaci\u00f3n<\/a><\/div><\/div>\n<\/div>\n<\/div><div class=\"trx_addons_column-1_3\"><div class=\"sc_services_item no_links with_content with_icon sc_services_item_featured_top post-2096 cpt_services type-cpt_services status-publish has-post-thumbnail hentry cpt_services_group-our-services cpt_services_group-three-ways\">\n\t<a href=\"https:\/\/sentrycasa.com\/es\/services\/smart-health-automation\/\" id=\"sc_services_1350579121_icon-calendar-light_3\"\n\t\t\t\t class=\"sc_services_item_icon icon-calendar-light\" style=\"color:#8224e3\"><\/a>\t\n\t<div class=\"sc_services_item_info\">\n\t\t<div class=\"sc_services_item_header\">\n\t\t\t<h4 class=\"sc_services_item_title\"><a href=\"https:\/\/sentrycasa.com\/es\/services\/smart-health-automation\/\">Automatizaci\u00f3n inteligente de la salud<\/a><\/h4>\n            \t\t<\/div>\n\t\t\t\t\t<div class=\"sc_services_item_content\"><p>Mediante una tecnolog\u00eda sencilla, la plataforma de Sentry Casa, compatible con tel\u00e9fonos inteligentes, proporciona servicios remotos de automatizaci\u00f3n y monitorizaci\u00f3n de la salud.<\/p>\n<\/div><div class=\"sc_services_item_button sc_item_button\"><a href=\"https:\/\/sentrycasa.com\/es\/services\/smart-health-automation\/\" class=\"sc_button\">Informaci\u00f3n<\/a><\/div><\/div>\n<\/div>\n<\/div><\/div><\/div><!-- \/.sc_services --><div class=\"vc_empty_space  sc_height_extra_medium\"   style=\"height: 0px\"><span class=\"vc_empty_space_inner\"><\/span><\/div><\/div><\/div><\/div><\/div><div data-vc-full-width=\"true\" data-vc-full-width-temp=\"true\" data-vc-full-width-init=\"false\" class=\"vc_row wpb_row vc_row-fluid vc_custom_1525683960481 vc_row-has-fill shape_divider_top-none shape_divider_bottom-none\"><div class=\"wpb_column vc_column_container vc_col-sm-12 sc_layouts_column_icons_position_left\"><div class=\"vc_column-inner\"><div class=\"wpb_wrapper\"><div class=\"vc_empty_space\"   style=\"height: 2.5em\"><span class=\"vc_empty_space_inner\"><\/span><\/div><div id=\"widget_slider_286510031\" class=\"widget_area sc_widget_slider vc_widget_slider wpb_content_element\"><aside id=\"widget_slider_286510031_widget\" class=\"widget widget_slider\">\t\t\t<div class=\"slider_wrap slider_engine_swiper\">\n\t\t\t\t<div id=\"widget_slider_286510031_outer\" class=\"slider_outer slider_swiper_outer slider_style_default slider_outer_direction_horizontal slider_outer_multi slider_outer_nopagination slider_outer_nocontrols slider_outer_titles_center\"><div id=\"widget_slider_286510031_swiper\" class=\"slider_container slider_swiper swiper-slider-container slider_nocontrols slider_titles_center slider_noresize slider_height_auto slider_direction_horizontal slider_nopagination slider_multi slider_type_images\" data-ratio=\"16:9\" data-interval=\"7000\" data-effect=\"slide\" data-pagination=\"bullets\" data-direction=\"horizontal\" data-slides-per-view=\"7\" data-slides-space=\"0\" data-slides-min-width=\"150\"><div class=\"slider-wrapper swiper-wrapper\"><div  class=\"slider-slide swiper-slide\" style=\"\"><\/div><div  class=\"slider-slide swiper-slide\" style=\"\"><\/div><div  class=\"slider-slide swiper-slide\" style=\"\"><\/div><div  class=\"slider-slide swiper-slide\" style=\"\"><\/div><div  class=\"slider-slide swiper-slide\" style=\"\"><\/div><div  class=\"slider-slide swiper-slide\" style=\"\"><\/div><div  class=\"slider-slide swiper-slide\" style=\"\"><\/div><\/div><!-- \/.slider-wrapper --><\/div><!-- \/.slider_container --><\/div><!-- \/.slider_outer -->\t\t\t<\/div>\n\t\t\t<\/aside><\/div><div class=\"vc_empty_space\"   style=\"height: 2.5em\"><span class=\"vc_empty_space_inner\"><\/span><\/div><\/div><\/div><\/div><\/div><div class=\"vc_row-full-width vc_clearfix\"><\/div>\n<\/div>","protected":false},"excerpt":{"rendered":"Mediante una tecnolog\u00eda sencilla, la plataforma de Sentry Casa habilitada para tel\u00e9fonos inteligentes ofrece servicios de automatizaci\u00f3n y supervisi\u00f3n sanitaria a distancia. Esto permite mejorar la precisi\u00f3n del diagn\u00f3stico, intervenir antes y obtener mejores resultados sanitarios.","protected":false},"author":1,"featured_media":0,"parent":0,"menu_order":0,"comment_status":"closed","ping_status":"closed","template":"","meta":{"rs_blank_template":"","rs_page_bg_color":"","slide_template_v7":"","footnotes":""},"class_list":["post-243","page","type-page","status-publish","hentry"],"_links":{"self":[{"href":"https:\/\/sentrycasa.com\/es\/wp-json\/wp\/v2\/pages\/243","targetHints":{"allow":["GET"]}}],"collection":[{"href":"https:\/\/sentrycasa.com\/es\/wp-json\/wp\/v2\/pages"}],"about":[{"href":"https:\/\/sentrycasa.com\/es\/wp-json\/wp\/v2\/types\/page"}],"author":[{"embeddable":true,"href":"https:\/\/sentrycasa.com\/es\/wp-json\/wp\/v2\/users\/1"}],"replies":[{"embeddable":true,"href":"https:\/\/sentrycasa.com\/es\/wp-json\/wp\/v2\/comments?post=243"}],"version-history":[{"count":0,"href":"https:\/\/sentrycasa.com\/es\/wp-json\/wp\/v2\/pages\/243\/revisions"}],"wp:attachment":[{"href":"https:\/\/sentrycasa.com\/es\/wp-json\/wp\/v2\/media?parent=243"}],"curies":[{"name":"wp","href":"https:\/\/api.w.org\/{rel}","templated":true}]}}