{"id":243,"date":"2018-01-11T14:28:31","date_gmt":"2018-01-11T14:28:31","guid":{"rendered":"https:\/\/sentrycasa.com\/?page_id=243"},"modified":"2024-08-11T06:27:59","modified_gmt":"2024-08-11T10:27:59","slug":"nos-caracteristiques","status":"publish","type":"page","link":"https:\/\/sentrycasa.com\/fr\/our-features\/","title":{"rendered":"Nos caract\u00e9ristiques"},"content":{"rendered":"<div class=\"wpb-content-wrapper\"><div data-vc-full-width=\"true\" data-vc-full-width-temp=\"true\" data-vc-full-width-init=\"false\" class=\"vc_row wpb_row vc_row-fluid vc_custom_1524841776249 vc_row-has-fill shape_divider_top-none shape_divider_bottom-none\"><div class=\"wpb_column vc_column_container vc_col-sm-12 sc_layouts_column_icons_position_left\"><div class=\"vc_column-inner\"><div class=\"wpb_wrapper\"><div class=\"vc_empty_space  sc_height_huge\"   style=\"height: 0px\"><span class=\"vc_empty_space_inner\"><\/span><\/div><div class=\"vc_row wpb_row vc_inner vc_row-fluid shape_divider_top-none shape_divider_bottom-none\"><div class=\"wpb_column vc_column_container vc_col-sm-6 sc_layouts_column_icons_position_left\"><div class=\"vc_column-inner\"><div class=\"wpb_wrapper\">\n\t<div  class=\"wpb_single_image wpb_content_element vc_align_left wpb_content_element\">\n\t\t\n\t\t<figure class=\"wpb_wrapper vc_figure\">\n\t\t\t<div class=\"vc_single_image-wrapper   vc_box_border_grey\"><\/div>\n\t\t<\/figure>\n\t<\/div>\n<div class=\"vc_empty_space  hide_on_mobile\"   style=\"height: 2.4em\"><span class=\"vc_empty_space_inner\"><\/span><\/div><div class=\"vc_empty_space  hide_on_desktop hide_on_notebook hide_on_tablet\"   style=\"height: 1.8em\"><span class=\"vc_empty_space_inner\"><\/span><\/div><div id=\"sc_title_1904431777\"\n\t\tclass=\"sc_title color_style_default sc_title_default\"><h6 class=\"sc_item_subtitle sc_title_subtitle sc_align_left sc_item_title_style_default\">Bienvenue \u00e0 Smart Home Systems<\/h6><h3 class=\"sc_item_title sc_title_title sc_align_left sc_item_title_style_default sc_item_title_tag\">Rendre votre maison plus intelligente<\/h3><\/div><!-- \/.sc_title --><div class=\"vc_empty_space\"   style=\"height: 1em\"><span class=\"vc_empty_space_inner\"><\/span><\/div><div class=\"vc_empty_space  hide_on_tablet hide_on_mobile\"   style=\"height: 1.5em\"><span class=\"vc_empty_space_inner\"><\/span><\/div>\n\t<div class=\"wpb_text_column wpb_content_element\" >\n\t\t<div class=\"wpb_wrapper\">\n\t\t\t<p>Vous avez la possibilit\u00e9 de surveiller votre maison de n'importe o\u00f9 et \u00e0 n'importe quelle heure du jour ou de la nuit. Une maison intelligente dispose d'une excellente qualit\u00e9 vid\u00e9o, d'une diffusion en direct et d'un syst\u00e8me audio bidirectionnel.<\/p>\n\n\t\t<\/div>\n\t<\/div>\n<\/div><\/div><\/div><div class=\"wpb_column vc_column_container vc_col-sm-6 sc_layouts_column_icons_position_left\"><div class=\"vc_column-inner\"><div class=\"wpb_wrapper\"><div class=\"vc_empty_space  hide_on_desktop hide_on_notebook hide_on_tablet sc_height_huge\"   style=\"height: 0px\"><span class=\"vc_empty_space_inner\"><\/span><\/div><div id=\"sc_icons_688045253\" \n\tclass=\"sc_icons sc_icons_extra sc_icons_size_medium sc_align_center\"><div class=\"sc_icons_columns_wrap sc_item_columns trx_addons_columns_wrap columns_padding_bottom\"><div class=\"trx_addons_column-1_2\"><div class=\"sc_icons_item\"><div id=\"sc_icons_688045253_icon-icon1-1\" class=\"sc_icons_icon sc_icon_type_ icon-icon1-1\"\n\t\t\t\t\t\t\t\t\t\t\t\t><span class=\"sc_icon_type_ icon-icon1-1\"><\/span><\/div><h4 class=\"sc_icons_item_title\"><span>S\u00e9curit\u00e9 &amp;<\/span><span>Surveillance<\/span><\/h4><\/div><\/div><div class=\"trx_addons_column-1_2\"><div class=\"sc_icons_item\"><div id=\"sc_icons_688045253_icon-icon3-1\" class=\"sc_icons_icon sc_icon_type_ icon-icon3-1\"\n\t\t\t\t\t\t\t\t\t\t\t\t><span class=\"sc_icon_type_ icon-icon3-1\"><\/span><\/div><h4 class=\"sc_icons_item_title\"><span>Cloud gratuit<\/span><span>Enregistrement<\/span><\/h4><\/div><\/div><div class=\"trx_addons_column-1_2\"><div class=\"sc_icons_item\"><div id=\"sc_icons_688045253_icon-icon2-1\" class=\"sc_icons_icon sc_icon_type_ icon-icon2-1\"\n\t\t\t\t\t\t\t\t\t\t\t\t><span class=\"sc_icon_type_ icon-icon2-1\"><\/span><\/div><h4 class=\"sc_icons_item_title\"><span>Intelligent<\/span><span>Alertes<\/span><\/h4><\/div><\/div><div class=\"trx_addons_column-1_2\"><div class=\"sc_icons_item\"><div id=\"sc_icons_688045253_icon-icon4-2\" class=\"sc_icons_icon sc_icon_type_ icon-icon4-2\"\n\t\t\t\t\t\t\t\t\t\t\t\t><span class=\"sc_icon_type_ icon-icon4-2\"><\/span><\/div><h4 class=\"sc_icons_item_title\"><span>24h\/24 et 7j\/7<\/span><span>Surveillance<\/span><\/h4><\/div><\/div><\/div><\/div><!-- \/.sc_icons --><\/div><\/div><\/div><\/div><div class=\"vc_empty_space  sc_height_extra_huge\"   style=\"height: 0px\"><span class=\"vc_empty_space_inner\"><\/span><\/div><\/div><\/div><\/div><\/div><div class=\"vc_row-full-width vc_clearfix\"><\/div><div class=\"vc_row wpb_row vc_row-fluid shape_divider_top-none shape_divider_bottom-none\"><div class=\"wpb_column vc_column_container vc_col-sm-12 sc_layouts_column_icons_position_left\"><div class=\"vc_column-inner\"><div class=\"wpb_wrapper\"><div class=\"vc_empty_space  sc_height_huge\"   style=\"height: 0px\"><span class=\"vc_empty_space_inner\"><\/span><\/div><div id=\"sc_title_1565335864\"\n\t\tclass=\"sc_title color_style_default sc_title_default\"><h6 class=\"sc_item_subtitle sc_title_subtitle sc_align_center sc_item_title_style_default\">Notre \u00e9quipe<\/h6><h3 class=\"sc_item_title sc_title_title sc_align_center sc_item_title_style_default sc_item_title_tag\">Les meilleurs professionnels<\/h3><\/div><!-- \/.sc_title --><div class=\"vc_empty_space  sc_height_small\"   style=\"height: 0px\"><span class=\"vc_empty_space_inner\"><\/span><\/div><div  id=\"sc_team_1597856428\"\t\tclass=\"sc_team color_style_default scheme_dark sc_team_extra\"><div class=\"sc_team_columns_wrap sc_item_columns sc_item_posts_container trx_addons_columns_wrap columns_padding_bottom\"><div class=\"trx_addons_column-1_2\"><div class=\"sc_team_item no_links post-190 cpt_team type-cpt_team status-publish has-post-thumbnail hentry\">\n\t<div class=\"post_featured with_thumb hover_ sc_team_item_thumb\"><img decoding=\"async\" width=\"359\" height=\"348\" src=\"https:\/\/sentrycasa.com\/wp-content\/uploads\/2018\/01\/simon-headshot.png\" class=\"attachment-smart_casa-thumb-portrait size-smart_casa-thumb-portrait wp-post-image\" alt=\"Simon Halliday\" srcset=\"https:\/\/sentrycasa.com\/wp-content\/uploads\/2018\/01\/simon-headshot.png 359w, https:\/\/sentrycasa.com\/wp-content\/uploads\/2018\/01\/simon-headshot-300x291.png 300w\" sizes=\"(max-width: 359px) 100vw, 359px\" title=\"Simon Halliday\"><a href=\"https:\/\/sentrycasa.com\/fr\/team\/simon-halliday\/\" aria-hidden=\"true\" class=\"icons\"><\/a><\/div>    <div class=\"sc_team_item_info\">\n\t\t<div class=\"sc_team_item_header\">\n\t\t\t<h4 class=\"sc_team_item_title\"><a href=\"https:\/\/sentrycasa.com\/fr\/team\/simon-halliday\/\">Simon Halliday<\/a><\/h4>\n\t\t\t<div class=\"sc_team_item_subtitle\">PDG<\/div>\n\t\t<\/div>\n\t\t<div class=\"sc_team_item_content\"><p>https:\/\/www.linkedin.com\/in\/simon-censon\/<\/p>\n<\/div>\n\t\t<div class=\"sc_team_item_socials socials_wrap\"><a target=\"_blank\" href=\"https:\/\/www.linkedin.com\/in\/simon-censon\/\" class=\"social_item social_item_style_icons social_item_type_icons\"><span class=\"social_icon social_icon_linkedin\"><span class=\"icon-linkedin\"><\/span><\/span><\/a><\/div><\/div>\n<\/div><\/div><div class=\"trx_addons_column-1_2\"><div class=\"sc_team_item no_links post-196 cpt_team type-cpt_team status-publish has-post-thumbnail hentry\">\n\t<div class=\"post_featured with_thumb hover_ sc_team_item_thumb\"><img decoding=\"async\" width=\"540\" height=\"640\" src=\"https:\/\/sentrycasa.com\/wp-content\/uploads\/2018\/01\/daniel-photo-01-540x640.jpg\" class=\"attachment-smart_casa-thumb-portrait size-smart_casa-thumb-portrait wp-post-image\" alt=\"Daniel Lantape\" title=\"Daniel Lantape\"><a href=\"https:\/\/sentrycasa.com\/fr\/team\/daniel-lantape\/\" aria-hidden=\"true\" class=\"icons\"><\/a><\/div>    <div class=\"sc_team_item_info\">\n\t\t<div class=\"sc_team_item_header\">\n\t\t\t<h4 class=\"sc_team_item_title\"><a href=\"https:\/\/sentrycasa.com\/fr\/team\/daniel-lantape\/\">Daniel Lantape<\/a><\/h4>\n\t\t\t<div class=\"sc_team_item_subtitle\">Recherche m\u00e9dicale<\/div>\n\t\t<\/div>\n\t\t<div class=\"sc_team_item_content\"><p>Daniel Lantape est le directeur de la recherche m\u00e9dicale pour Sentry Casa.<\/p>\n<\/div>\n\t\t<div class=\"sc_team_item_socials socials_wrap\"><a target=\"_blank\" href=\"https:\/\/www.linkedin.com\/in\/daniel-lantape\/\" class=\"social_item social_item_style_icons social_item_type_icons\"><span class=\"social_icon social_icon_linkedin\"><span class=\"icon-linkedin\"><\/span><\/span><\/a><\/div><\/div>\n<\/div><\/div><\/div><\/div><!-- \/.sc_team --><div class=\"vc_empty_space\"   style=\"height: 1em\"><span class=\"vc_empty_space_inner\"><\/span><\/div><div class=\"vc_empty_space  hide_on_tablet hide_on_mobile\"   style=\"height: 1em\"><span class=\"vc_empty_space_inner\"><\/span><\/div><div class=\"sc_item_button sc_button_wrap sc_align_center\"><a href=\"\/\/sentrycasa.com\/about-us\/\" id=\"sc_button_40923129\" class=\"sc_button color_style_default sc_button_default sc_button_size_normal sc_button_icon_left\"><span class=\"sc_button_text\"><span class=\"sc_button_title\">Tous les membres de l'\u00e9quipe<\/span><\/span><!-- \/.sc_button_text --><\/a><!-- \/.sc_button --><\/div><!-- \/.sc_item_button --><div class=\"vc_empty_space  sc_height_huge\"   style=\"height: 0px\"><span class=\"vc_empty_space_inner\"><\/span><\/div><\/div><\/div><\/div><\/div><div data-vc-full-width=\"true\" data-vc-full-width-temp=\"true\" data-vc-full-width-init=\"false\" class=\"vc_row wpb_row vc_row-fluid vc_custom_1525783008496 vc_row-has-fill sc_bg_mask_7 shape_divider_top-none shape_divider_bottom-none scheme_dark\"><div class=\"wpb_column vc_column_container vc_col-sm-12 sc_layouts_column_icons_position_left\"><div class=\"vc_column-inner\"><div class=\"wpb_wrapper\"><div class=\"vc_empty_space  sc_height_huge\"   style=\"height: 0px\"><span class=\"vc_empty_space_inner\"><\/span><\/div><div id=\"sc_title_2142269904\"\n\t\tclass=\"sc_title color_style_dark sc_title_default\"><h6 class=\"sc_item_subtitle sc_title_subtitle sc_align_center sc_item_title_style_default\">Poser des questions<\/h6><h3 class=\"sc_item_title sc_title_title sc_align_center sc_item_title_style_default sc_item_title_tag\">Questions fr\u00e9quemment pos\u00e9es<\/h3><\/div><!-- \/.sc_title --><div class=\"vc_empty_space\"   style=\"height: 2em\"><span class=\"vc_empty_space_inner\"><\/span><\/div><div class=\"vc_empty_space  hide_on_mobile\"   style=\"height: 2em\"><span class=\"vc_empty_space_inner\"><\/span><\/div><div id=\"sc_content_1783220093\"\n\t\tclass=\"sc_content color_style_default sc_content_default sc_content_width_70p sc_float_center extra_width\"><div class=\"sc_content_container\"><div  class=\"vc_do_toggle vc_toggle vc_toggle_round vc_toggle_color_default vc_toggle_color_inverted vc_toggle_size_md\"><div class=\"vc_toggle_title\"><h4>Qu'est-ce que la domotique ?<\/h4><i class=\"vc_toggle_icon\"><\/i><\/div><div class=\"vc_toggle_content\"><p>La maison intelligente est un syst\u00e8me d'automatisation des b\u00e2timents qui vous facilite la vie. Elle comprend l'automatisation de la climatisation, de l'\u00e9clairage, de la ventilation et de la s\u00e9curit\u00e9. Vous pouvez \u00e9galement contr\u00f4ler les appareils m\u00e9nagers tels que les r\u00e9frig\u00e9rateurs, les lave-linge ou les fours. Le Wi-Fi est utilis\u00e9 pour la surveillance et le contr\u00f4le \u00e0 distance. De nos jours, les appareils domestiques constituent une partie importante et inali\u00e9nable de notre vie.<\/p>\n<\/div><\/div><div  class=\"vc_do_toggle vc_toggle vc_toggle_round vc_toggle_color_default vc_toggle_color_inverted vc_toggle_size_md\"><div class=\"vc_toggle_title\"><h4>Qu'est-ce qu'une maison intelligente ?<\/h4><i class=\"vc_toggle_icon\"><\/i><\/div><div class=\"vc_toggle_content\"><p>Tout d'abord, une maison intelligente est votre meilleur compagnon pour une vie confortable. Les nouveaux syst\u00e8mes se composent g\u00e9n\u00e9ralement de capteurs connect\u00e9s \u00e0 un hub central \u00e0 partir duquel le syst\u00e8me est contr\u00f4l\u00e9 \u00e0 l'aide d'une interface utilisateur. Celle-ci interagit g\u00e9n\u00e9ralement avec un logiciel de t\u00e9l\u00e9phone portable, une interface web ou une tablette. Aujourd'hui, les syst\u00e8mes de maison intelligente peuvent retrouver vos cl\u00e9s de voiture, commander un d\u00eener, baisser le thermostat et vous avertir de toute perturbation en votre absence.<\/p>\n<\/div><\/div><div  class=\"vc_do_toggle vc_toggle vc_toggle_round vc_toggle_color_default vc_toggle_color_inverted vc_toggle_size_md\"><div class=\"vc_toggle_title\"><h4>Comment rendre votre maison intelligente ?<\/h4><i class=\"vc_toggle_icon\"><\/i><\/div><div class=\"vc_toggle_content\"><p>Une maison intelligente est une nouvelle norme de confort dans le monde entier. Ces derni\u00e8res ann\u00e9es, une multitude de nouveaux gadgets destin\u00e9s \u00e0 aider les gens \u00e0 rendre leur maison intelligente ont vu le jour : des ampoules aux bouilloires en passant par les serrures de porte. Tout appareil ou dispositif fonctionnant \u00e0 l'\u00e9lectricit\u00e9 peut \u00eatre int\u00e9gr\u00e9 \u00e0 votre r\u00e9seau domestique. Contr\u00f4lez votre maison \u00e0 l'aide de commandes vocales, de mouvements de la main, de tablettes ou de smartphones : elle r\u00e9agira.<\/p>\n<\/div><\/div><div class=\"vc_empty_space\"   style=\"height: 0.9em\"><span class=\"vc_empty_space_inner\"><\/span><\/div><div class=\"sc_item_button sc_button_wrap sc_align_center\"><a href=\"\/\/sentrycasa.com\/about-us\/\" id=\"sc_button_1903512485\" class=\"sc_button color_style_default sc_button_default sc_button_size_normal sc_button_icon_left\"><span class=\"sc_button_text\"><span class=\"sc_button_title\">Plus d'informations<\/span><\/span><!-- \/.sc_button_text --><\/a><!-- \/.sc_button --><\/div><!-- \/.sc_item_button --><\/div><\/div><!-- \/.sc_content --><div class=\"vc_empty_space  sc_height_huge\"   style=\"height: 0px\"><span class=\"vc_empty_space_inner\"><\/span><\/div><\/div><\/div><\/div><\/div><div class=\"vc_row-full-width vc_clearfix\"><\/div><div class=\"vc_row wpb_row vc_row-fluid shape_divider_top-none shape_divider_bottom-none\"><div class=\"wpb_column vc_column_container vc_col-sm-12 sc_layouts_column_icons_position_left\"><div class=\"vc_column-inner\"><div class=\"wpb_wrapper\"><div class=\"vc_empty_space  sc_height_huge\"   style=\"height: 0px\"><span class=\"vc_empty_space_inner\"><\/span><\/div><div id=\"sc_title_2114431937\"\n\t\tclass=\"sc_title color_style_default sc_title_default\"><h6 class=\"sc_item_subtitle sc_title_subtitle sc_align_center sc_item_title_style_default\">G\u00e9rez facilement votre maison intelligente depuis n'importe o\u00f9<\/h6><h3 class=\"sc_item_title sc_title_title sc_align_center sc_item_title_style_default sc_item_title_tag\">Trois fa\u00e7ons de contr\u00f4ler <br> Votre maison<\/h3><\/div><!-- \/.sc_title --><div class=\"vc_empty_space  sc_height_small\"   style=\"height: 0px\"><span class=\"vc_empty_space_inner\"><\/span><\/div><div id=\"sc_services_1208625975\" class=\"sc_services color_style_default sc_services_default sc_services_featured_top\"><div class=\"sc_services_columns_wrap sc_item_columns sc_item_posts_container sc_item_columns_3 trx_addons_columns_wrap columns_padding_bottom\"><div class=\"trx_addons_column-1_3\"><div class=\"sc_services_item no_links with_content with_icon sc_services_item_featured_top post-2100 cpt_services type-cpt_services status-publish has-post-thumbnail hentry cpt_services_group-our-services cpt_services_group-three-ways\">\n\t<a href=\"https:\/\/sentrycasa.com\/fr\/services\/smart-telehealth\/\" id=\"sc_services_1208625975_icon-speech_1\"\n\t\t\t\t class=\"sc_services_item_icon icon-speech\" style=\"color:#8224e3\"><\/a>\t\n\t<div class=\"sc_services_item_info\">\n\t\t<div class=\"sc_services_item_header\">\n\t\t\t<h4 class=\"sc_services_item_title\"><a href=\"https:\/\/sentrycasa.com\/fr\/services\/smart-telehealth\/\">T\u00e9l\u00e9sant\u00e9 intelligente<\/a><\/h4>\n            \t\t<\/div>\n\t\t\t\t\t<div class=\"sc_services_item_content\"><p>Votre m\u00e9decin de premier recours virtuel peut traiter des maladies chroniques \u00e0 long terme ou si vous ne vous sentez tout simplement pas bien. Les consultations sont disponibles de 8 h \u00e0 20 h, sept jours sur sept.<\/p>\n<\/div><div class=\"sc_services_item_button sc_item_button\"><a href=\"https:\/\/sentrycasa.com\/fr\/services\/smart-telehealth\/\" class=\"sc_button\">Informations<\/a><\/div><\/div>\n<\/div>\n<\/div><div class=\"trx_addons_column-1_3\"><div class=\"sc_services_item no_links with_content with_icon sc_services_item_featured_top post-2098 cpt_services type-cpt_services status-publish has-post-thumbnail hentry cpt_services_group-our-services cpt_services_group-three-ways\">\n\t<a href=\"https:\/\/sentrycasa.com\/fr\/services\/smart-therapy\/\" id=\"sc_services_1208625975_icon-icon6-1_2\"\n\t\t\t\t class=\"sc_services_item_icon icon-icon6-1\" style=\"color:#8224e3\"><\/a>\t\n\t<div class=\"sc_services_item_info\">\n\t\t<div class=\"sc_services_item_header\">\n\t\t\t<h4 class=\"sc_services_item_title\"><a href=\"https:\/\/sentrycasa.com\/fr\/services\/smart-therapy\/\">Th\u00e9rapie intelligente<\/a><\/h4>\n            \t\t<\/div>\n\t\t\t\t\t<div class=\"sc_services_item_content\"><p>Donner aux gens les moyens de prendre le contr\u00f4le de leurs maladies chroniques gr\u00e2ce \u00e0 des th\u00e9rapies num\u00e9riques personnalis\u00e9es.<\/p>\n<\/div><div class=\"sc_services_item_button sc_item_button\"><a href=\"https:\/\/sentrycasa.com\/fr\/services\/smart-therapy\/\" class=\"sc_button\">Informations<\/a><\/div><\/div>\n<\/div>\n<\/div><div class=\"trx_addons_column-1_3\"><div class=\"sc_services_item no_links with_content with_icon sc_services_item_featured_top post-2096 cpt_services type-cpt_services status-publish has-post-thumbnail hentry cpt_services_group-our-services cpt_services_group-three-ways\">\n\t<a href=\"https:\/\/sentrycasa.com\/fr\/services\/smart-health-automation\/\" id=\"sc_services_1208625975_icon-calendar-light_3\"\n\t\t\t\t class=\"sc_services_item_icon icon-calendar-light\" style=\"color:#8224e3\"><\/a>\t\n\t<div class=\"sc_services_item_info\">\n\t\t<div class=\"sc_services_item_header\">\n\t\t\t<h4 class=\"sc_services_item_title\"><a href=\"https:\/\/sentrycasa.com\/fr\/services\/smart-health-automation\/\">Automatisation de la sant\u00e9 intelligente<\/a><\/h4>\n            \t\t<\/div>\n\t\t\t\t\t<div class=\"sc_services_item_content\"><p>Gr\u00e2ce \u00e0 une technologie simple, la plateforme pour smartphone de Sentry Casa fournit des services d&#039;automatisation et de surveillance de la sant\u00e9 \u00e0 distance.<\/p>\n<\/div><div class=\"sc_services_item_button sc_item_button\"><a href=\"https:\/\/sentrycasa.com\/fr\/services\/smart-health-automation\/\" class=\"sc_button\">Informations<\/a><\/div><\/div>\n<\/div>\n<\/div><\/div><\/div><!-- \/.sc_services --><div class=\"vc_empty_space  sc_height_extra_medium\"   style=\"height: 0px\"><span class=\"vc_empty_space_inner\"><\/span><\/div><\/div><\/div><\/div><\/div><div data-vc-full-width=\"true\" data-vc-full-width-temp=\"true\" data-vc-full-width-init=\"false\" class=\"vc_row wpb_row vc_row-fluid vc_custom_1525683960481 vc_row-has-fill shape_divider_top-none shape_divider_bottom-none\"><div class=\"wpb_column vc_column_container vc_col-sm-12 sc_layouts_column_icons_position_left\"><div class=\"vc_column-inner\"><div class=\"wpb_wrapper\"><div class=\"vc_empty_space\"   style=\"height: 2.5em\"><span class=\"vc_empty_space_inner\"><\/span><\/div><div id=\"widget_slider_961377920\" class=\"widget_area sc_widget_slider vc_widget_slider wpb_content_element\"><aside id=\"widget_slider_961377920_widget\" class=\"widget widget_slider\">\t\t\t<div class=\"slider_wrap slider_engine_swiper\">\n\t\t\t\t<div id=\"widget_slider_961377920_outer\" class=\"slider_outer slider_swiper_outer slider_style_default slider_outer_direction_horizontal slider_outer_multi slider_outer_nopagination slider_outer_nocontrols slider_outer_titles_center\"><div id=\"widget_slider_961377920_swiper\" class=\"slider_container slider_swiper swiper-slider-container slider_nocontrols slider_titles_center slider_noresize slider_height_auto slider_direction_horizontal slider_nopagination slider_multi slider_type_images\" data-ratio=\"16:9\" data-interval=\"7000\" data-effect=\"slide\" data-pagination=\"bullets\" data-direction=\"horizontal\" data-slides-per-view=\"7\" data-slides-space=\"0\" data-slides-min-width=\"150\"><div class=\"slider-wrapper swiper-wrapper\"><div  class=\"slider-slide swiper-slide\" style=\"\"><\/div><div  class=\"slider-slide swiper-slide\" style=\"\"><\/div><div  class=\"slider-slide swiper-slide\" style=\"\"><\/div><div  class=\"slider-slide swiper-slide\" style=\"\"><\/div><div  class=\"slider-slide swiper-slide\" style=\"\"><\/div><div  class=\"slider-slide swiper-slide\" style=\"\"><\/div><div  class=\"slider-slide swiper-slide\" style=\"\"><\/div><\/div><!-- \/.slider-wrapper --><\/div><!-- \/.slider_container --><\/div><!-- \/.slider_outer -->\t\t\t<\/div>\n\t\t\t<\/aside><\/div><div class=\"vc_empty_space\"   style=\"height: 2.5em\"><span class=\"vc_empty_space_inner\"><\/span><\/div><\/div><\/div><\/div><\/div><div class=\"vc_row-full-width vc_clearfix\"><\/div>\n<\/div>","protected":false},"excerpt":{"rendered":"Gr\u00e2ce \u00e0 une technologie simple, la plateforme smartphone de Sentry Casa fournit des services d'automatisation et de surveillance de la sant\u00e9 \u00e0 distance. Cela permet d'am\u00e9liorer la pr\u00e9cision du diagnostic, d'intervenir plus t\u00f4t et d'obtenir de meilleurs r\u00e9sultats en mati\u00e8re de sant\u00e9.","protected":false},"author":1,"featured_media":0,"parent":0,"menu_order":0,"comment_status":"closed","ping_status":"closed","template":"","meta":{"rs_blank_template":"","rs_page_bg_color":"","slide_template_v7":"","footnotes":""},"class_list":["post-243","page","type-page","status-publish","hentry"],"_links":{"self":[{"href":"https:\/\/sentrycasa.com\/fr\/wp-json\/wp\/v2\/pages\/243","targetHints":{"allow":["GET"]}}],"collection":[{"href":"https:\/\/sentrycasa.com\/fr\/wp-json\/wp\/v2\/pages"}],"about":[{"href":"https:\/\/sentrycasa.com\/fr\/wp-json\/wp\/v2\/types\/page"}],"author":[{"embeddable":true,"href":"https:\/\/sentrycasa.com\/fr\/wp-json\/wp\/v2\/users\/1"}],"replies":[{"embeddable":true,"href":"https:\/\/sentrycasa.com\/fr\/wp-json\/wp\/v2\/comments?post=243"}],"version-history":[{"count":0,"href":"https:\/\/sentrycasa.com\/fr\/wp-json\/wp\/v2\/pages\/243\/revisions"}],"wp:attachment":[{"href":"https:\/\/sentrycasa.com\/fr\/wp-json\/wp\/v2\/media?parent=243"}],"curies":[{"name":"wp","href":"https:\/\/api.w.org\/{rel}","templated":true}]}}