{"id":92,"date":"2018-01-09T16:47:27","date_gmt":"2018-01-09T16:47:27","guid":{"rendered":"https:\/\/sentrycasa.com\/?page_id=92"},"modified":"2024-08-11T02:46:30","modified_gmt":"2024-08-11T06:46:30","slug":"services-de-la-sentinelle-casa","status":"publish","type":"page","link":"https:\/\/sentrycasa.com\/fr\/sentry-casa-services\/","title":{"rendered":"Services de Sentry Casa"},"content":{"rendered":"<div class=\"wpb-content-wrapper\"><div class=\"vc_row wpb_row vc_row-fluid shape_divider_top-none shape_divider_bottom-none\"><div class=\"wpb_column vc_column_container vc_col-sm-12 sc_layouts_column_icons_position_left\"><div class=\"vc_column-inner\"><div class=\"wpb_wrapper\"><div id=\"sc_title_1499342578\"\n\t\tclass=\"sc_title color_style_default sc_title_default\"><h6 class=\"sc_item_subtitle sc_title_subtitle sc_align_center sc_item_title_style_default\">Nos services<\/h6><h3 class=\"sc_item_title sc_title_title sc_align_center sc_item_title_style_default sc_item_title_tag\">Le smartphone tout-en-un ultime <br> Fournisseur de services \u00e0 domicile et de sant\u00e9<\/h3><\/div><!-- \/.sc_title --><div class=\"vc_empty_space  sc_height_small\"   style=\"height: 0px\"><span class=\"vc_empty_space_inner\"><\/span><\/div><div class=\"vc_row wpb_row vc_inner vc_row-fluid shape_divider_top-none shape_divider_bottom-none\"><div class=\"wpb_column vc_column_container vc_col-sm-6 sc_layouts_column_icons_position_left\"><div class=\"vc_column-inner vc_custom_1525159124209\"><div class=\"wpb_wrapper\"><div id=\"sc_content_717103493\"\n\t\tclass=\"sc_content color_style_default sc_content_default sc_float_center sc_align_left\"><div class=\"sc_content_container\"><div id=\"sc_services_1496142281\" class=\"sc_services color_style_default sc_services_timeline sc_services_featured_left\"><div class=\"sc_services_content sc_item_content sc_item_posts_container sc_item_columns_1\"><div class=\"sc_services_item no_links with_content with_icon sc_services_item_featured_left post-2094 cpt_services type-cpt_services status-publish has-post-thumbnail hentry cpt_services_group-our-services cpt_services_group-three-ways\"><div class=\"sc_services_item_timeline\"><\/div><a href=\"https:\/\/sentrycasa.com\/fr\/services\/smart-vitals\/\" id=\"sc_services_1496142281_icon-clipboard_1\"\n\t\t\t\t class=\"sc_services_item_marker sc_services_item_icon icon-clipboard\" style=\"background-color:#8224e3\"><\/a>\t\n\t<div class=\"sc_services_item_info\">\n\t\t<div class=\"post_featured with_thumb hover_icon sc_services_item_featured\"><img decoding=\"async\" width=\"450\" height=\"327\" src=\"https:\/\/sentrycasa.com\/wp-content\/uploads\/2024\/08\/Screenshot_2023-11-11_10-50-47-450x327.png\" class=\"attachment-smart_casa-thumb-additional size-smart_casa-thumb-additional wp-post-image\" alt=\"signes vitaux intelligents\" title=\"Vitals intelligents\"><div class=\"mask\"><\/div><div class=\"icons\"><a href=\"https:\/\/sentrycasa.com\/fr\/services\/smart-vitals\/\" aria-hidden=\"true\" class=\"icon-plus-1\"><\/a><\/div><\/div>\t\t<div class=\"sc_services_item_header\">\n\t\t\t\t\t\t<h6 class=\"sc_services_item_title\"><a href=\"https:\/\/sentrycasa.com\/fr\/services\/smart-vitals\/\">Vitals intelligents<\/a><\/h6><\/div><div class=\"sc_services_item_content\"><p>Utilisez l&#039;appareil photo de votre smartphone pour extraire les signes vitaux et les donn\u00e9es de glyc\u00e9mie \u00e0 l&#039;aide de notre application d&#039;imagerie optique transdermique en quelques secondes.  <\/p>\n<\/div><div class=\"sc_services_item_button sc_item_button\"><a href=\"https:\/\/sentrycasa.com\/fr\/services\/smart-vitals\/\" class=\"sc_button\">Informations<\/a><\/div><\/div>\n<\/div><div class=\"sc_services_item no_links with_content with_icon sc_services_item_featured_left post-2096 cpt_services type-cpt_services status-publish has-post-thumbnail hentry cpt_services_group-our-services cpt_services_group-three-ways\"><div class=\"sc_services_item_timeline\"><\/div><a href=\"https:\/\/sentrycasa.com\/fr\/services\/smart-health-automation\/\" id=\"sc_services_1496142281_icon-calendar-light_2\"\n\t\t\t\t class=\"sc_services_item_marker sc_services_item_icon icon-calendar-light\" style=\"background-color:#8224e3\"><\/a>\t\n\t<div class=\"sc_services_item_info\">\n\t\t<div class=\"post_featured with_thumb hover_icon sc_services_item_featured\"><img decoding=\"async\" width=\"450\" height=\"327\" src=\"https:\/\/sentrycasa.com\/wp-content\/uploads\/2024\/08\/What-Our-Patients-Say-About-CENSON-450x327.jpg\" class=\"attachment-smart_casa-thumb-additional size-smart_casa-thumb-additional wp-post-image\" alt=\"Gr\u00e2ce \u00e0 une technologie simple, la plateforme pour smartphone de Sentry Casa fournit des services de surveillance de la sant\u00e9 \u00e0 distance.\" title=\"Automatisation de la sant\u00e9 intelligente\"><div class=\"mask\"><\/div><div class=\"icons\"><a href=\"https:\/\/sentrycasa.com\/fr\/services\/smart-health-automation\/\" aria-hidden=\"true\" class=\"icon-plus-1\"><\/a><\/div><\/div>\t\t<div class=\"sc_services_item_header\">\n\t\t\t\t\t\t<h6 class=\"sc_services_item_title\"><a href=\"https:\/\/sentrycasa.com\/fr\/services\/smart-health-automation\/\">Automatisation de la sant\u00e9 intelligente<\/a><\/h6><\/div><div class=\"sc_services_item_content\"><p>Gr\u00e2ce \u00e0 une technologie simple, la plateforme pour smartphone de Sentry Casa fournit des services d&#039;automatisation et de surveillance de la sant\u00e9 \u00e0 distance.<\/p>\n<\/div><div class=\"sc_services_item_button sc_item_button\"><a href=\"https:\/\/sentrycasa.com\/fr\/services\/smart-health-automation\/\" class=\"sc_button\">Informations<\/a><\/div><\/div>\n<\/div><\/div><\/div><!-- \/.sc_services --><\/div><\/div><!-- \/.sc_content --><\/div><\/div><\/div><div class=\"wpb_column vc_column_container vc_col-sm-6 sc_layouts_column_icons_position_left\"><div class=\"vc_column-inner vc_custom_1525159131575\"><div class=\"wpb_wrapper\"><div class=\"vc_empty_space  hide_on_desktop hide_on_notebook hide_on_tablet sc_height_huge\"   style=\"height: 0px\"><span class=\"vc_empty_space_inner\"><\/span><\/div><div id=\"sc_content_1777704576\"\n\t\tclass=\"sc_content color_style_default sc_content_default sc_float_center sc_align_right\"><div class=\"sc_content_container\"><div id=\"sc_services_1946302528\" class=\"sc_services color_style_default sc_services_timeline sc_services_featured_right\"><div class=\"sc_services_content sc_item_content sc_item_posts_container sc_item_columns_1\"><div class=\"sc_services_item no_links with_content with_icon sc_services_item_featured_right post-2100 cpt_services type-cpt_services status-publish has-post-thumbnail hentry cpt_services_group-our-services cpt_services_group-three-ways\"><div class=\"sc_services_item_timeline\"><\/div><a href=\"https:\/\/sentrycasa.com\/fr\/services\/smart-telehealth\/\" id=\"sc_services_1946302528_icon-speech_1\"\n\t\t\t\t class=\"sc_services_item_marker sc_services_item_icon icon-speech\" style=\"background-color:#8224e3\"><\/a>\t\n\t<div class=\"sc_services_item_info\">\n\t\t<div class=\"post_featured with_thumb hover_icon sc_services_item_featured\"><img decoding=\"async\" width=\"450\" height=\"327\" src=\"https:\/\/sentrycasa.com\/wp-content\/uploads\/2024\/08\/Revolutionizing-Healthy-Aging-The-Benefits-and-Features-of-RAVCAREs-Digital-Therapeutics-for-Aging-in-Place-450x327.jpg\" class=\"attachment-smart_casa-thumb-additional size-smart_casa-thumb-additional wp-post-image\" alt=\"t\u00e9l\u00e9sant\u00e9 intelligente, maison intelligente et automatisation de la sant\u00e9\" title=\"T\u00e9l\u00e9sant\u00e9 intelligente\"><div class=\"mask\"><\/div><div class=\"icons\"><a href=\"https:\/\/sentrycasa.com\/fr\/services\/smart-telehealth\/\" aria-hidden=\"true\" class=\"icon-plus-1\"><\/a><\/div><\/div>\t\t<div class=\"sc_services_item_header\">\n\t\t\t\t\t\t<h6 class=\"sc_services_item_title\"><a href=\"https:\/\/sentrycasa.com\/fr\/services\/smart-telehealth\/\">T\u00e9l\u00e9sant\u00e9 intelligente<\/a><\/h6><\/div><div class=\"sc_services_item_content\"><p>Votre m\u00e9decin de premier recours virtuel peut traiter des maladies chroniques \u00e0 long terme ou si vous ne vous sentez tout simplement pas bien. Les consultations sont disponibles de 8 h \u00e0 20 h, sept jours sur sept.<\/p>\n<\/div><div class=\"sc_services_item_button sc_item_button\"><a href=\"https:\/\/sentrycasa.com\/fr\/services\/smart-telehealth\/\" class=\"sc_button\">Informations<\/a><\/div><\/div>\n<\/div><div class=\"sc_services_item no_links with_content with_icon sc_services_item_featured_right post-2098 cpt_services type-cpt_services status-publish has-post-thumbnail hentry cpt_services_group-our-services cpt_services_group-three-ways\"><div class=\"sc_services_item_timeline\"><\/div><a href=\"https:\/\/sentrycasa.com\/fr\/services\/smart-therapy\/\" id=\"sc_services_1946302528_icon-icon6-1_2\"\n\t\t\t\t class=\"sc_services_item_marker sc_services_item_icon icon-icon6-1\" style=\"background-color:#8224e3\"><\/a>\t\n\t<div class=\"sc_services_item_info\">\n\t\t<div class=\"post_featured with_thumb hover_icon sc_services_item_featured\"><img decoding=\"async\" width=\"450\" height=\"327\" src=\"https:\/\/sentrycasa.com\/wp-content\/uploads\/2024\/08\/RAVCARE-Digital-Therapeutics-Revolutionizing-Healthcare-through-Evidence-Based-Digital-Interventions-450x327.jpg\" class=\"attachment-smart_casa-thumb-additional size-smart_casa-thumb-additional wp-post-image\" alt=\"Donner aux gens les moyens de prendre le contr\u00f4le de leurs maladies chroniques gr\u00e2ce \u00e0 des th\u00e9rapies num\u00e9riques personnalis\u00e9es.\" title=\"Th\u00e9rapie intelligente\"><div class=\"mask\"><\/div><div class=\"icons\"><a href=\"https:\/\/sentrycasa.com\/fr\/services\/smart-therapy\/\" aria-hidden=\"true\" class=\"icon-plus-1\"><\/a><\/div><\/div>\t\t<div class=\"sc_services_item_header\">\n\t\t\t\t\t\t<h6 class=\"sc_services_item_title\"><a href=\"https:\/\/sentrycasa.com\/fr\/services\/smart-therapy\/\">Th\u00e9rapie intelligente<\/a><\/h6><\/div><div class=\"sc_services_item_content\"><p>Donner aux gens les moyens de prendre le contr\u00f4le de leurs maladies chroniques gr\u00e2ce \u00e0 des th\u00e9rapies num\u00e9riques personnalis\u00e9es.<\/p>\n<\/div><div class=\"sc_services_item_button sc_item_button\"><a href=\"https:\/\/sentrycasa.com\/fr\/services\/smart-therapy\/\" class=\"sc_button\">Informations<\/a><\/div><\/div>\n<\/div><\/div><\/div><!-- \/.sc_services --><\/div><\/div><!-- \/.sc_content --><\/div><\/div><\/div><\/div><div class=\"vc_empty_space  sc_height_huge\"   style=\"height: 0px\"><span class=\"vc_empty_space_inner\"><\/span><\/div><\/div><\/div><\/div><\/div><div data-vc-full-width=\"true\" data-vc-full-width-temp=\"true\" data-vc-full-width-init=\"false\" class=\"vc_row wpb_row vc_row-fluid vc_custom_1525433440584 vc_row-has-fill shape_divider_top-none shape_divider_bottom-none\"><div class=\"wpb_column vc_column_container vc_col-sm-12 sc_layouts_column_icons_position_left\"><div class=\"vc_column-inner\"><div class=\"wpb_wrapper\"><div class=\"vc_empty_space  sc_height_huge\"   style=\"height: 0px\"><span class=\"vc_empty_space_inner\"><\/span><\/div><div id=\"sc_title_378011648\"\n\t\tclass=\"sc_title color_style_default sc_title_default\"><h6 class=\"sc_item_subtitle sc_title_subtitle sc_align_center sc_item_title_style_default\">Choisissez votre forfait<\/h6><h3 class=\"sc_item_title sc_title_title sc_align_center sc_item_title_style_default sc_item_title_tag\">Forfaits Maison intelligente et sant\u00e9<\/h3><\/div><!-- \/.sc_title --><div class=\"vc_empty_space  sc_height_small\"   style=\"height: 0px\"><span class=\"vc_empty_space_inner\"><\/span><\/div><div  id=\"sc_price_2146579963\" \n\tclass=\"sc_price color_style_default sc_price_default\"><div class=\"sc_price_columns_wrap sc_item_columns trx_addons_columns_wrap columns_padding_bottom\"><div class=\"trx_addons_column-1_3\"><div class=\"sc_price_item sc_price_item_default\">\n\t\t\t<div class=\"sc_price_item_info\"><div class=\"sc_price_item_price\"><span class=\"sc_price_item_price_before\">Depuis <\/span><span class=\"sc_price_item_price_value\">$2<\/span><span class=\"sc_price_item_price_after\">\/ par mois<\/span><\/div><div class=\"sc_price_item_details\"><h6>Vitals intelligents<\/h6>\n<p>Surveillez les signes vitaux<\/p><\/div><a href=\"\/\/sentrycasa.com\/about-us\/\" class=\"sc_price_item_link sc_button\">Informations<\/a><\/div><!-- \/.sc_price_item_info --><\/div><\/div><div class=\"trx_addons_column-1_3\"><div class=\"sc_price_item sc_price_item_default\">\n\t\t\t<div class=\"sc_price_item_info\"><div class=\"sc_price_item_price\"><span class=\"sc_price_item_price_before\">Depuis <\/span><span class=\"sc_price_item_price_value\">$19<\/span><span class=\"sc_price_item_price_after\">\/ par mois<\/span><\/div><div class=\"sc_price_item_details\"><h6>Surveillance intelligente de la sant\u00e9<\/h6>\n<p>Surveillance 24h\/24 et 7j\/7 de votre sant\u00e9<\/p><\/div><a href=\"\/\/sentrycasa.com\/about-us\/\" class=\"sc_price_item_link sc_button\">Informations<\/a><\/div><!-- \/.sc_price_item_info --><\/div><\/div><div class=\"trx_addons_column-1_3\"><div class=\"sc_price_item sc_price_item_default\">\n\t\t\t<div class=\"sc_price_item_info\"><div class=\"sc_price_item_price\"><span class=\"sc_price_item_price_before\">Depuis <\/span><span class=\"sc_price_item_price_value\">$69<\/span><span class=\"sc_price_item_price_after\">\/ par mois<\/span><\/div><div class=\"sc_price_item_details\"><h6>Th\u00e9rapie intelligente<\/h6>\n<p>Th\u00e9rapie num\u00e9rique pour les maladies chroniques<\/p><\/div><a href=\"\/\/sentrycasa.com\/about-us\/\" class=\"sc_price_item_link sc_button\">Informations<\/a><\/div><!-- \/.sc_price_item_info --><\/div><\/div><\/div><\/div><!-- \/.sc_price --><div class=\"vc_empty_space\"   style=\"height: 1em\"><span class=\"vc_empty_space_inner\"><\/span><\/div><div class=\"vc_empty_space  hide_on_tablet hide_on_mobile\"   style=\"height: 1em\"><span class=\"vc_empty_space_inner\"><\/span><\/div><div class=\"sc_item_button sc_button_wrap sc_align_center\"><a href=\"\/\/sentrycasa.com\/contacts\/\" id=\"sc_button_50910395\" class=\"sc_button color_style_default sc_button_default sc_button_size_normal sc_button_icon_left\"><span class=\"sc_button_text\"><span class=\"sc_button_title\">Demander un devis<\/span><\/span><!-- \/.sc_button_text --><\/a><!-- \/.sc_button --><\/div><!-- \/.sc_item_button --><div class=\"vc_empty_space  sc_height_huge\"   style=\"height: 0px\"><span class=\"vc_empty_space_inner\"><\/span><\/div><\/div><\/div><\/div><\/div><div class=\"vc_row-full-width vc_clearfix\"><\/div><div class=\"vc_row wpb_row vc_row-fluid vc_custom_1525183699930 vc_row-has-fill shape_divider_top-none shape_divider_bottom-none\"><div class=\"wpb_column vc_column_container vc_col-sm-12 sc_layouts_column_icons_position_left\"><div class=\"vc_column-inner\"><div class=\"wpb_wrapper\"><div class=\"vc_empty_space  sc_height_huge\"   style=\"height: 0px\"><span class=\"vc_empty_space_inner\"><\/span><\/div><div id=\"sc_title_601248164\"\n\t\tclass=\"sc_title color_style_default sc_title_default\"><h6 class=\"sc_item_subtitle sc_title_subtitle sc_align_center sc_item_title_style_default\">Avis des clients<\/h6><h3 class=\"sc_item_title sc_title_title sc_align_center sc_item_title_style_default sc_item_title_tag\">Propri\u00e9taires de maison heureux <br> \u00c0 propos de nous<\/h3><\/div><!-- \/.sc_title --><div class=\"vc_empty_space  sc_height_small\"   style=\"height: 0px\"><span class=\"vc_empty_space_inner\"><\/span><\/div><\/div><\/div><\/div><\/div><div class=\"vc_row wpb_row vc_row-fluid vc_custom_1723358597365 vc_row-has-fill vc_row-o-equal-height vc_row-flex shape_divider_top-none shape_divider_bottom-none\"><div class=\"wpb_column vc_column_container vc_col-sm-6 sc_layouts_column_icons_position_left\"><div class=\"vc_column-inner vc_custom_1525184950366\"><div class=\"wpb_wrapper\"><div id=\"sc_content_905077521\"\n\t\tclass=\"sc_content color_style_default sc_content_default sc_float_center sc_padding_medium\"><div class=\"sc_content_container\"><div class=\"vc_empty_space  hide_on_tablet hide_on_mobile\"   style=\"height: 2.5em\"><span class=\"vc_empty_space_inner\"><\/span><\/div><div  id=\"sc_testimonials_1817993853\"\t\tclass=\"sc_testimonials color_style_default scheme_dark sc_testimonials_alter\"><div id=\"sc_testimonials_1817993853_outer\" class=\"sc_testimonials_slider sc_item_slider slider_swiper_outer slider_outer slider_outer_nocontrols slider_outer_pagination slider_outer_pagination_bullets slider_outer_pagination_pos_bottom slider_outer_one\">\n\t<div id=\"sc_testimonials_1817993853_swiper\" class=\"slider_container swiper-slider-container slider_swiper slider_noresize slider_nocontrols slider_pagination slider_pagination_bullets slider_pagination_pos_bottom slider_one\" data-slides-space=\"40\" data-slides-min-width=\"290\" data-pagination=\"bullets\">\n\t\t<div class=\"slides slider-wrapper swiper-wrapper sc_item_columns_1\"><div class=\"slider-slide swiper-slide\"><div class=\"sc_testimonials_item\">\n\t<div class=\"sc_testimonials_item_content\"><p>\u00ab L&#039;exp\u00e9rience a \u00e9t\u00e9 absolument incroyable d\u00e8s le moment o\u00f9 nous avons ouvert notre porte d&#039;entr\u00e9e. Il est rare de rencontrer quelqu&#039;un qui vous impressionne vraiment en termes de service client, mais c&#039;est pourtant ce qu&#039;ils ont fait ! \u00bb<\/p>\n<\/div>\n\t<div class=\"sc_testimonials_item_author\">\n\t\t\t\t\t<div class=\"sc_testimonials_item_author_avatar\"><img decoding=\"async\" width=\"90\" height=\"90\" src=\"https:\/\/sentrycasa.com\/wp-content\/uploads\/2018\/01\/customer-testimonial-01-90x90.jpg\" class=\"attachment-smart_casa-thumb-tiny size-smart_casa-thumb-tiny wp-post-image\" alt=\"Jerry Green\" srcset=\"https:\/\/sentrycasa.com\/wp-content\/uploads\/2018\/01\/customer-testimonial-01-90x90.jpg 90w, https:\/\/sentrycasa.com\/wp-content\/uploads\/2018\/01\/customer-testimonial-01-150x150.jpg 150w, https:\/\/sentrycasa.com\/wp-content\/uploads\/2018\/01\/customer-testimonial-01-370x370.jpg 370w\" sizes=\"(max-width: 90px) 100vw, 90px\" title=\"Jerry Green\"><\/div>\n\t\t\t\t<div class=\"sc_testimonials_item_author_data\">\n\t\t\t<h4 class=\"sc_testimonials_item_author_title\">Jerry Green<\/h4>\n\t\t\t<div class=\"sc_testimonials_item_author_subtitle\">Chicago, Illinois<\/div>\n\t\t<\/div>\n\t<\/div>\n<\/div>\n<\/div><div class=\"slider-slide swiper-slide\"><div class=\"sc_testimonials_item\">\n\t<div class=\"sc_testimonials_item_content\"><p>\u00ab Votre entreprise a parfaitement g\u00e9r\u00e9 l\u2019ensemble du projet : de la conception \u00e0 la mise en \u0153uvre. Les techniciens sur place ont fait le maximum pour s\u2019assurer que l\u2019interface soit adapt\u00e9e \u00e0 notre style de vie et \u00e0 nos pr\u00e9f\u00e9rences. \u00bb<\/p>\n<\/div>\n\t<div class=\"sc_testimonials_item_author\">\n\t\t\t\t\t<div class=\"sc_testimonials_item_author_avatar\"><img decoding=\"async\" width=\"90\" height=\"90\" src=\"https:\/\/sentrycasa.com\/wp-content\/uploads\/2018\/01\/customer-testimonial-02.jpg-90x90.jpg\" class=\"attachment-smart_casa-thumb-tiny size-smart_casa-thumb-tiny wp-post-image\" alt=\"Angie Allen\" srcset=\"https:\/\/sentrycasa.com\/wp-content\/uploads\/2018\/01\/customer-testimonial-02.jpg-90x90.jpg 90w, https:\/\/sentrycasa.com\/wp-content\/uploads\/2018\/01\/customer-testimonial-02.jpg-150x150.jpg 150w, https:\/\/sentrycasa.com\/wp-content\/uploads\/2018\/01\/customer-testimonial-02.jpg-460x460.jpg 460w, https:\/\/sentrycasa.com\/wp-content\/uploads\/2018\/01\/customer-testimonial-02.jpg-370x370.jpg 370w\" sizes=\"(max-width: 90px) 100vw, 90px\" title=\"Angie Allen\"><\/div>\n\t\t\t\t<div class=\"sc_testimonials_item_author_data\">\n\t\t\t<h4 class=\"sc_testimonials_item_author_title\">Angie Allen<\/h4>\n\t\t\t<div class=\"sc_testimonials_item_author_subtitle\">Chicago, Illinois<\/div>\n\t\t<\/div>\n\t<\/div>\n<\/div>\n<\/div><div class=\"slider-slide swiper-slide\"><div class=\"sc_testimonials_item\">\n\t<div class=\"sc_testimonials_item_content\"><p>\u00ab Ces gars connaissent leur m\u00e9tier. Les commandes d&#039;\u00e9clairage, d&#039;alarme, de climatisation et de m\u00e9dias ont fonctionn\u00e9 imm\u00e9diatement apr\u00e8s l&#039;installation. Tout s&#039;est mis en place en peu de temps. Je ne peux pas en recommander davantage ! \u00bb<\/p>\n<\/div>\n\t<div class=\"sc_testimonials_item_author\">\n\t\t\t\t\t<div class=\"sc_testimonials_item_author_avatar\"><img decoding=\"async\" width=\"90\" height=\"90\" src=\"https:\/\/sentrycasa.com\/wp-content\/uploads\/2018\/01\/customer-testimonial-03-90x90.jpg\" class=\"attachment-smart_casa-thumb-tiny size-smart_casa-thumb-tiny wp-post-image\" alt=\"Madeleine Butler\" srcset=\"https:\/\/sentrycasa.com\/wp-content\/uploads\/2018\/01\/customer-testimonial-03-90x90.jpg 90w, https:\/\/sentrycasa.com\/wp-content\/uploads\/2018\/01\/customer-testimonial-03-150x150.jpg 150w, https:\/\/sentrycasa.com\/wp-content\/uploads\/2018\/01\/customer-testimonial-03-370x370.jpg 370w\" sizes=\"(max-width: 90px) 100vw, 90px\" title=\"Madeleine Butler\"><\/div>\n\t\t\t\t<div class=\"sc_testimonials_item_author_data\">\n\t\t\t<h4 class=\"sc_testimonials_item_author_title\">Madeleine Butler<\/h4>\n\t\t\t<div class=\"sc_testimonials_item_author_subtitle\">Chicago, Illinois<\/div>\n\t\t<\/div>\n\t<\/div>\n<\/div>\n<\/div><\/div><\/div><div class=\"slider_pagination_wrap swiper-pagination\"><\/div><\/div><\/div><!-- \/.sc_testimonials --><\/div><\/div><!-- \/.sc_content --><\/div><\/div><\/div><div class=\"wpb_column vc_column_container vc_col-sm-6 vc_col-has-fill sc_layouts_column_icons_position_left\"><div class=\"vc_column-inner vc_custom_1723358713095\"><div class=\"wpb_wrapper\"><div class=\"vc_empty_space\"   style=\"height: 30em\"><span class=\"vc_empty_space_inner\"><\/span><\/div><\/div><\/div><\/div><\/div>\n<\/div>","protected":false},"excerpt":{"rendered":"\u00ab Ces gars connaissent leur m\u00e9tier. Les commandes d&#039;\u00e9clairage, d&#039;alarme, de climatisation et de m\u00e9dias ont fonctionn\u00e9 imm\u00e9diatement apr\u00e8s l&#039;installation. Tout s&#039;est mis en place apr\u00e8s un court instant. Je ne peux pas\u2026","protected":false},"author":1,"featured_media":0,"parent":0,"menu_order":0,"comment_status":"closed","ping_status":"closed","template":"","meta":{"rs_blank_template":"","rs_page_bg_color":"","slide_template_v7":"","footnotes":""},"class_list":["post-92","page","type-page","status-publish","hentry"],"_links":{"self":[{"href":"https:\/\/sentrycasa.com\/fr\/wp-json\/wp\/v2\/pages\/92","targetHints":{"allow":["GET"]}}],"collection":[{"href":"https:\/\/sentrycasa.com\/fr\/wp-json\/wp\/v2\/pages"}],"about":[{"href":"https:\/\/sentrycasa.com\/fr\/wp-json\/wp\/v2\/types\/page"}],"author":[{"embeddable":true,"href":"https:\/\/sentrycasa.com\/fr\/wp-json\/wp\/v2\/users\/1"}],"replies":[{"embeddable":true,"href":"https:\/\/sentrycasa.com\/fr\/wp-json\/wp\/v2\/comments?post=92"}],"version-history":[{"count":0,"href":"https:\/\/sentrycasa.com\/fr\/wp-json\/wp\/v2\/pages\/92\/revisions"}],"wp:attachment":[{"href":"https:\/\/sentrycasa.com\/fr\/wp-json\/wp\/v2\/media?parent=92"}],"curies":[{"name":"wp","href":"https:\/\/api.w.org\/{rel}","templated":true}]}}