{"id":243,"date":"2018-01-11T14:28:31","date_gmt":"2018-01-11T14:28:31","guid":{"rendered":"https:\/\/sentrycasa.com\/?page_id=243"},"modified":"2024-08-11T06:27:59","modified_gmt":"2024-08-11T10:27:59","slug":"le-nostre-caratteristiche","status":"publish","type":"page","link":"https:\/\/sentrycasa.com\/it\/our-features\/","title":{"rendered":"Le nostre caratteristiche"},"content":{"rendered":"<div class=\"wpb-content-wrapper\"><div data-vc-full-width=\"true\" data-vc-full-width-temp=\"true\" data-vc-full-width-init=\"false\" class=\"vc_row wpb_row vc_row-fluid vc_custom_1524841776249 vc_row-has-fill shape_divider_top-none shape_divider_bottom-none\"><div class=\"wpb_column vc_column_container vc_col-sm-12 sc_layouts_column_icons_position_left\"><div class=\"vc_column-inner\"><div class=\"wpb_wrapper\"><div class=\"vc_empty_space  sc_height_huge\"   style=\"height: 0px\"><span class=\"vc_empty_space_inner\"><\/span><\/div><div class=\"vc_row wpb_row vc_inner vc_row-fluid shape_divider_top-none shape_divider_bottom-none\"><div class=\"wpb_column vc_column_container vc_col-sm-6 sc_layouts_column_icons_position_left\"><div class=\"vc_column-inner\"><div class=\"wpb_wrapper\">\n\t<div  class=\"wpb_single_image wpb_content_element vc_align_left wpb_content_element\">\n\t\t\n\t\t<figure class=\"wpb_wrapper vc_figure\">\n\t\t\t<div class=\"vc_single_image-wrapper   vc_box_border_grey\"><\/div>\n\t\t<\/figure>\n\t<\/div>\n<div class=\"vc_empty_space  hide_on_mobile\"   style=\"height: 2.4em\"><span class=\"vc_empty_space_inner\"><\/span><\/div><div class=\"vc_empty_space  hide_on_desktop hide_on_notebook hide_on_tablet\"   style=\"height: 1.8em\"><span class=\"vc_empty_space_inner\"><\/span><\/div><div id=\"sc_title_1994073732\"\n\t\tclass=\"sc_title color_style_default sc_title_default\"><h6 class=\"sc_item_subtitle sc_title_subtitle sc_align_left sc_item_title_style_default\">Benvenuti a Smart Home Systems<\/h6><h3 class=\"sc_item_title sc_title_title sc_align_left sc_item_title_style_default sc_item_title_tag\">Rendere la casa pi\u00f9 intelligente<\/h3><\/div><!-- \/.sc_title --><div class=\"vc_empty_space\"   style=\"height: 1em\"><span class=\"vc_empty_space_inner\"><\/span><\/div><div class=\"vc_empty_space  hide_on_tablet hide_on_mobile\"   style=\"height: 1.5em\"><span class=\"vc_empty_space_inner\"><\/span><\/div>\n\t<div class=\"wpb_text_column wpb_content_element\" >\n\t\t<div class=\"wpb_wrapper\">\n\t\t\t<p>Avete la possibilit\u00e0 di sorvegliare la vostra casa da qualsiasi luogo e a qualsiasi ora del giorno e della notte. Una casa intelligente ha un'eccellente qualit\u00e0 video, streaming live e audio bidirezionale.<\/p>\n\n\t\t<\/div>\n\t<\/div>\n<\/div><\/div><\/div><div class=\"wpb_column vc_column_container vc_col-sm-6 sc_layouts_column_icons_position_left\"><div class=\"vc_column-inner\"><div class=\"wpb_wrapper\"><div class=\"vc_empty_space  hide_on_desktop hide_on_notebook hide_on_tablet sc_height_huge\"   style=\"height: 0px\"><span class=\"vc_empty_space_inner\"><\/span><\/div><div id=\"sc_icons_1218836817\" \n\tclass=\"sc_icons sc_icons_extra sc_icons_size_medium sc_align_center\"><div class=\"sc_icons_columns_wrap sc_item_columns trx_addons_columns_wrap columns_padding_bottom\"><div class=\"trx_addons_column-1_2\"><div class=\"sc_icons_item\"><div id=\"sc_icons_1218836817_icon-icon1-1\" class=\"sc_icons_icon sc_icon_type_ icon-icon1-1\"\n\t\t\t\t\t\t\t\t\t\t\t\t><span class=\"sc_icon_type_ icon-icon1-1\"><\/span><\/div><h4 class=\"sc_icons_item_title\"><span>Sicurezza e<\/span><span>Sorveglianza<\/span><\/h4><\/div><\/div><div class=\"trx_addons_column-1_2\"><div class=\"sc_icons_item\"><div id=\"sc_icons_1218836817_icon-icon3-1\" class=\"sc_icons_icon sc_icon_type_ icon-icon3-1\"\n\t\t\t\t\t\t\t\t\t\t\t\t><span class=\"sc_icon_type_ icon-icon3-1\"><\/span><\/div><h4 class=\"sc_icons_item_title\"><span>Nuvola libera<\/span><span>Registrazione<\/span><\/h4><\/div><\/div><div class=\"trx_addons_column-1_2\"><div class=\"sc_icons_item\"><div id=\"sc_icons_1218836817_icon-icon2-1\" class=\"sc_icons_icon sc_icon_type_ icon-icon2-1\"\n\t\t\t\t\t\t\t\t\t\t\t\t><span class=\"sc_icon_type_ icon-icon2-1\"><\/span><\/div><h4 class=\"sc_icons_item_title\"><span>Accorto<\/span><span>Avvisi<\/span><\/h4><\/div><\/div><div class=\"trx_addons_column-1_2\"><div class=\"sc_icons_item\"><div id=\"sc_icons_1218836817_icon-icon4-2\" class=\"sc_icons_icon sc_icon_type_ icon-icon4-2\"\n\t\t\t\t\t\t\t\t\t\t\t\t><span class=\"sc_icon_type_ icon-icon4-2\"><\/span><\/div><h4 class=\"sc_icons_item_title\"><span>24 ore su 24, 7 giorni su 7<\/span><span>Monitoraggio<\/span><\/h4><\/div><\/div><\/div><\/div><!-- \/.sc_icons --><\/div><\/div><\/div><\/div><div class=\"vc_empty_space  sc_height_extra_huge\"   style=\"height: 0px\"><span class=\"vc_empty_space_inner\"><\/span><\/div><\/div><\/div><\/div><\/div><div class=\"vc_row-full-width vc_clearfix\"><\/div><div class=\"vc_row wpb_row vc_row-fluid shape_divider_top-none shape_divider_bottom-none\"><div class=\"wpb_column vc_column_container vc_col-sm-12 sc_layouts_column_icons_position_left\"><div class=\"vc_column-inner\"><div class=\"wpb_wrapper\"><div class=\"vc_empty_space  sc_height_huge\"   style=\"height: 0px\"><span class=\"vc_empty_space_inner\"><\/span><\/div><div id=\"sc_title_1375209174\"\n\t\tclass=\"sc_title color_style_default sc_title_default\"><h6 class=\"sc_item_subtitle sc_title_subtitle sc_align_center sc_item_title_style_default\">Il nostro team<\/h6><h3 class=\"sc_item_title sc_title_title sc_align_center sc_item_title_style_default sc_item_title_tag\">I migliori professionisti<\/h3><\/div><!-- \/.sc_title --><div class=\"vc_empty_space  sc_height_small\"   style=\"height: 0px\"><span class=\"vc_empty_space_inner\"><\/span><\/div><div  id=\"sc_team_392534647\"\t\tclass=\"sc_team color_style_default scheme_dark sc_team_extra\"><div class=\"sc_team_columns_wrap sc_item_columns sc_item_posts_container trx_addons_columns_wrap columns_padding_bottom\"><div class=\"trx_addons_column-1_2\"><div class=\"sc_team_item no_links post-190 cpt_team type-cpt_team status-publish has-post-thumbnail hentry\">\n\t<div class=\"post_featured with_thumb hover_ sc_team_item_thumb\"><img decoding=\"async\" width=\"359\" height=\"348\" src=\"https:\/\/sentrycasa.com\/wp-content\/uploads\/2018\/01\/simon-headshot.png\" class=\"attachment-smart_casa-thumb-portrait size-smart_casa-thumb-portrait wp-post-image\" alt=\"Simon Halliday\" srcset=\"https:\/\/sentrycasa.com\/wp-content\/uploads\/2018\/01\/simon-headshot.png 359w, https:\/\/sentrycasa.com\/wp-content\/uploads\/2018\/01\/simon-headshot-300x291.png 300w\" sizes=\"(max-width: 359px) 100vw, 359px\" title=\"Simon Halliday\"><a href=\"https:\/\/sentrycasa.com\/it\/team\/simon-halliday\/\" aria-hidden=\"true\" class=\"icons\"><\/a><\/div>    <div class=\"sc_team_item_info\">\n\t\t<div class=\"sc_team_item_header\">\n\t\t\t<h4 class=\"sc_team_item_title\"><a href=\"https:\/\/sentrycasa.com\/it\/team\/simon-halliday\/\">Simon Halliday<\/a><\/h4>\n\t\t\t<div class=\"sc_team_item_subtitle\">Amministratore delegato<\/div>\n\t\t<\/div>\n\t\t<div class=\"sc_team_item_content\"><p>https:\/\/www.linkedin.com\/in\/simon-censon\/<\/p>\n<\/div>\n\t\t<div class=\"sc_team_item_socials socials_wrap\"><a target=\"_blank\" href=\"https:\/\/www.linkedin.com\/in\/simon-censon\/\" class=\"social_item social_item_style_icons social_item_type_icons\"><span class=\"social_icon social_icon_linkedin\"><span class=\"icon-linkedin\"><\/span><\/span><\/a><\/div><\/div>\n<\/div><\/div><div class=\"trx_addons_column-1_2\"><div class=\"sc_team_item no_links post-196 cpt_team type-cpt_team status-publish has-post-thumbnail hentry\">\n\t<div class=\"post_featured with_thumb hover_ sc_team_item_thumb\"><img decoding=\"async\" width=\"540\" height=\"640\" src=\"https:\/\/sentrycasa.com\/wp-content\/uploads\/2018\/01\/daniel-photo-01-540x640.jpg\" class=\"attachment-smart_casa-thumb-portrait size-smart_casa-thumb-portrait wp-post-image\" alt=\"Daniele Lantape\" title=\"Daniele Lantape\"><a href=\"https:\/\/sentrycasa.com\/it\/team\/daniel-lantape\/\" aria-hidden=\"true\" class=\"icons\"><\/a><\/div>    <div class=\"sc_team_item_info\">\n\t\t<div class=\"sc_team_item_header\">\n\t\t\t<h4 class=\"sc_team_item_title\"><a href=\"https:\/\/sentrycasa.com\/it\/team\/daniel-lantape\/\">Daniele Lantape<\/a><\/h4>\n\t\t\t<div class=\"sc_team_item_subtitle\">Ricerca medica<\/div>\n\t\t<\/div>\n\t\t<div class=\"sc_team_item_content\"><p>Daniel Lantape \u00e8 il direttore della ricerca medica presso Sentry Casa.<\/p>\n<\/div>\n\t\t<div class=\"sc_team_item_socials socials_wrap\"><a target=\"_blank\" href=\"https:\/\/www.linkedin.com\/in\/daniel-lantape\/\" class=\"social_item social_item_style_icons social_item_type_icons\"><span class=\"social_icon social_icon_linkedin\"><span class=\"icon-linkedin\"><\/span><\/span><\/a><\/div><\/div>\n<\/div><\/div><\/div><\/div><!-- \/.sc_team --><div class=\"vc_empty_space\"   style=\"height: 1em\"><span class=\"vc_empty_space_inner\"><\/span><\/div><div class=\"vc_empty_space  hide_on_tablet hide_on_mobile\"   style=\"height: 1em\"><span class=\"vc_empty_space_inner\"><\/span><\/div><div class=\"sc_item_button sc_button_wrap sc_align_center\"><a href=\"\/\/sentrycasa.com\/about-us\/\" id=\"sc_button_211155164\" class=\"sc_button color_style_default sc_button_default sc_button_size_normal sc_button_icon_left\"><span class=\"sc_button_text\"><span class=\"sc_button_title\">Tutti i membri del team<\/span><\/span><!-- \/.sc_button_text --><\/a><!-- \/.sc_button --><\/div><!-- \/.sc_item_button --><div class=\"vc_empty_space  sc_height_huge\"   style=\"height: 0px\"><span class=\"vc_empty_space_inner\"><\/span><\/div><\/div><\/div><\/div><\/div><div data-vc-full-width=\"true\" data-vc-full-width-temp=\"true\" data-vc-full-width-init=\"false\" class=\"vc_row wpb_row vc_row-fluid vc_custom_1525783008496 vc_row-has-fill sc_bg_mask_7 shape_divider_top-none shape_divider_bottom-none scheme_dark\"><div class=\"wpb_column vc_column_container vc_col-sm-12 sc_layouts_column_icons_position_left\"><div class=\"vc_column-inner\"><div class=\"wpb_wrapper\"><div class=\"vc_empty_space  sc_height_huge\"   style=\"height: 0px\"><span class=\"vc_empty_space_inner\"><\/span><\/div><div id=\"sc_title_226560991\"\n\t\tclass=\"sc_title color_style_dark sc_title_default\"><h6 class=\"sc_item_subtitle sc_title_subtitle sc_align_center sc_item_title_style_default\">Fare domande<\/h6><h3 class=\"sc_item_title sc_title_title sc_align_center sc_item_title_style_default sc_item_title_tag\">Domande frequenti<\/h3><\/div><!-- \/.sc_title --><div class=\"vc_empty_space\"   style=\"height: 2em\"><span class=\"vc_empty_space_inner\"><\/span><\/div><div class=\"vc_empty_space  hide_on_mobile\"   style=\"height: 2em\"><span class=\"vc_empty_space_inner\"><\/span><\/div><div id=\"sc_content_1427999710\"\n\t\tclass=\"sc_content color_style_default sc_content_default sc_content_width_70p sc_float_center extra_width\"><div class=\"sc_content_container\"><div  class=\"vc_do_toggle vc_toggle vc_toggle_round vc_toggle_color_default vc_toggle_color_inverted vc_toggle_size_md\"><div class=\"vc_toggle_title\"><h4>Che cos'\u00e8 la domotica?<\/h4><i class=\"vc_toggle_icon\"><\/i><\/div><div class=\"vc_toggle_content\"><p>La casa intelligente \u00e8 l'automazione degli edifici che rende la vita pi\u00f9 facile. Comprende l'automazione di aria condizionata, illuminazione, ventilazione e sicurezza. Inoltre, \u00e8 possibile controllare elettrodomestici come frigoriferi, lavatrici o forni. Per il monitoraggio e il controllo a distanza si utilizza il Wi-Fi. Oggi i dispositivi domestici sono una parte importante e irrinunciabile della nostra vita.<\/p>\n<\/div><\/div><div  class=\"vc_do_toggle vc_toggle vc_toggle_round vc_toggle_color_default vc_toggle_color_inverted vc_toggle_size_md\"><div class=\"vc_toggle_title\"><h4>Che cos'\u00e8 una casa intelligente?<\/h4><i class=\"vc_toggle_icon\"><\/i><\/div><div class=\"vc_toggle_content\"><p>Innanzitutto, una casa intelligente \u00e8 il miglior compagno per una vita accogliente. I nuovi sistemi sono generalmente costituiti da sensori collegati a un hub centrale da cui il sistema viene controllato con un'interfaccia utente. Di solito, interagisce con un software per telefoni cellulari, un'interfaccia web o un tablet. Oggi i sistemi di casa intelligente sono in grado di trovare le chiavi dell'auto, ordinare una cena, abbassare il termostato e avvisare di eventuali disturbi quando si \u00e8 lontani.<\/p>\n<\/div><\/div><div  class=\"vc_do_toggle vc_toggle vc_toggle_round vc_toggle_color_default vc_toggle_color_inverted vc_toggle_size_md\"><div class=\"vc_toggle_title\"><h4>Come rendere la vostra casa intelligente?<\/h4><i class=\"vc_toggle_icon\"><\/i><\/div><div class=\"vc_toggle_content\"><p>La casa intelligente \u00e8 un nuovo standard di comfort in tutto il mondo. Negli ultimi anni sono emersi una moltitudine di nuovi gadget che hanno lo scopo di aiutare le persone a rendere intelligenti le loro case: dalle lampadine ai bollitori e alle serrature delle porte. Qualsiasi dispositivo o apparecchio che utilizza l'elettricit\u00e0 pu\u00f2 essere incluso nella rete domestica. Controllate la vostra casa con comandi vocali, movimenti della mano, tablet o smartphone: reagir\u00e0.<\/p>\n<\/div><\/div><div class=\"vc_empty_space\"   style=\"height: 0.9em\"><span class=\"vc_empty_space_inner\"><\/span><\/div><div class=\"sc_item_button sc_button_wrap sc_align_center\"><a href=\"\/\/sentrycasa.com\/about-us\/\" id=\"sc_button_1166324926\" class=\"sc_button color_style_default sc_button_default sc_button_size_normal sc_button_icon_left\"><span class=\"sc_button_text\"><span class=\"sc_button_title\">Ulteriori informazioni<\/span><\/span><!-- \/.sc_button_text --><\/a><!-- \/.sc_button --><\/div><!-- \/.sc_item_button --><\/div><\/div><!-- \/.sc_content --><div class=\"vc_empty_space  sc_height_huge\"   style=\"height: 0px\"><span class=\"vc_empty_space_inner\"><\/span><\/div><\/div><\/div><\/div><\/div><div class=\"vc_row-full-width vc_clearfix\"><\/div><div class=\"vc_row wpb_row vc_row-fluid shape_divider_top-none shape_divider_bottom-none\"><div class=\"wpb_column vc_column_container vc_col-sm-12 sc_layouts_column_icons_position_left\"><div class=\"vc_column-inner\"><div class=\"wpb_wrapper\"><div class=\"vc_empty_space  sc_height_huge\"   style=\"height: 0px\"><span class=\"vc_empty_space_inner\"><\/span><\/div><div id=\"sc_title_1823887277\"\n\t\tclass=\"sc_title color_style_default sc_title_default\"><h6 class=\"sc_item_subtitle sc_title_subtitle sc_align_center sc_item_title_style_default\">Gestite la vostra casa intelligente da qualsiasi luogo in modo semplice<\/h6><h3 class=\"sc_item_title sc_title_title sc_align_center sc_item_title_style_default sc_item_title_tag\">Tre modi per controllare <br> La vostra casa<\/h3><\/div><!-- \/.sc_title --><div class=\"vc_empty_space  sc_height_small\"   style=\"height: 0px\"><span class=\"vc_empty_space_inner\"><\/span><\/div><div id=\"sc_services_1880380473\" class=\"sc_services color_style_default sc_services_default sc_services_featured_top\"><div class=\"sc_services_columns_wrap sc_item_columns sc_item_posts_container sc_item_columns_3 trx_addons_columns_wrap columns_padding_bottom\"><div class=\"trx_addons_column-1_3\"><div class=\"sc_services_item no_links with_content with_icon sc_services_item_featured_top post-2100 cpt_services type-cpt_services status-publish has-post-thumbnail hentry cpt_services_group-our-services cpt_services_group-three-ways\">\n\t<a href=\"https:\/\/sentrycasa.com\/it\/services\/smart-telehealth\/\" id=\"sc_services_1880380473_icon-speech_1\"\n\t\t\t\t class=\"sc_services_item_icon icon-speech\" style=\"color:#8224e3\"><\/a>\t\n\t<div class=\"sc_services_item_info\">\n\t\t<div class=\"sc_services_item_header\">\n\t\t\t<h4 class=\"sc_services_item_title\"><a href=\"https:\/\/sentrycasa.com\/it\/services\/smart-telehealth\/\">Telemedicina intelligente<\/a><\/h4>\n            \t\t<\/div>\n\t\t\t\t\t<div class=\"sc_services_item_content\"><p>Il tuo medico di base virtuale pu\u00f2 curare patologie croniche a lungo termine o se semplicemente non ti senti bene. Le consulenze sono disponibili dalle 8:00 alle 20:00, sette giorni su sette.<\/p>\n<\/div><div class=\"sc_services_item_button sc_item_button\"><a href=\"https:\/\/sentrycasa.com\/it\/services\/smart-telehealth\/\" class=\"sc_button\">Informazioni<\/a><\/div><\/div>\n<\/div>\n<\/div><div class=\"trx_addons_column-1_3\"><div class=\"sc_services_item no_links with_content with_icon sc_services_item_featured_top post-2098 cpt_services type-cpt_services status-publish has-post-thumbnail hentry cpt_services_group-our-services cpt_services_group-three-ways\">\n\t<a href=\"https:\/\/sentrycasa.com\/it\/services\/smart-therapy\/\" id=\"sc_services_1880380473_icon-icon6-1_2\"\n\t\t\t\t class=\"sc_services_item_icon icon-icon6-1\" style=\"color:#8224e3\"><\/a>\t\n\t<div class=\"sc_services_item_info\">\n\t\t<div class=\"sc_services_item_header\">\n\t\t\t<h4 class=\"sc_services_item_title\"><a href=\"https:\/\/sentrycasa.com\/it\/services\/smart-therapy\/\">Terapia intelligente<\/a><\/h4>\n            \t\t<\/div>\n\t\t\t\t\t<div class=\"sc_services_item_content\"><p>Dare alle persone gli strumenti per prendere il controllo delle proprie patologie croniche attraverso terapie digitali personalizzate.<\/p>\n<\/div><div class=\"sc_services_item_button sc_item_button\"><a href=\"https:\/\/sentrycasa.com\/it\/services\/smart-therapy\/\" class=\"sc_button\">Informazioni<\/a><\/div><\/div>\n<\/div>\n<\/div><div class=\"trx_addons_column-1_3\"><div class=\"sc_services_item no_links with_content with_icon sc_services_item_featured_top post-2096 cpt_services type-cpt_services status-publish has-post-thumbnail hentry cpt_services_group-our-services cpt_services_group-three-ways\">\n\t<a href=\"https:\/\/sentrycasa.com\/it\/services\/smart-health-automation\/\" id=\"sc_services_1880380473_icon-calendar-light_3\"\n\t\t\t\t class=\"sc_services_item_icon icon-calendar-light\" style=\"color:#8224e3\"><\/a>\t\n\t<div class=\"sc_services_item_info\">\n\t\t<div class=\"sc_services_item_header\">\n\t\t\t<h4 class=\"sc_services_item_title\"><a href=\"https:\/\/sentrycasa.com\/it\/services\/smart-health-automation\/\">Automazione sanitaria intelligente<\/a><\/h4>\n            \t\t<\/div>\n\t\t\t\t\t<div class=\"sc_services_item_content\"><p>Utilizzando una tecnologia semplice, la piattaforma per smartphone di Sentry Casa fornisce servizi di monitoraggio e automazione sanitaria a distanza.<\/p>\n<\/div><div class=\"sc_services_item_button sc_item_button\"><a href=\"https:\/\/sentrycasa.com\/it\/services\/smart-health-automation\/\" class=\"sc_button\">Informazioni<\/a><\/div><\/div>\n<\/div>\n<\/div><\/div><\/div><!-- \/.sc_services --><div class=\"vc_empty_space  sc_height_extra_medium\"   style=\"height: 0px\"><span class=\"vc_empty_space_inner\"><\/span><\/div><\/div><\/div><\/div><\/div><div data-vc-full-width=\"true\" data-vc-full-width-temp=\"true\" data-vc-full-width-init=\"false\" class=\"vc_row wpb_row vc_row-fluid vc_custom_1525683960481 vc_row-has-fill shape_divider_top-none shape_divider_bottom-none\"><div class=\"wpb_column vc_column_container vc_col-sm-12 sc_layouts_column_icons_position_left\"><div class=\"vc_column-inner\"><div class=\"wpb_wrapper\"><div class=\"vc_empty_space\"   style=\"height: 2.5em\"><span class=\"vc_empty_space_inner\"><\/span><\/div><div id=\"widget_slider_1350182390\" class=\"widget_area sc_widget_slider vc_widget_slider wpb_content_element\"><aside id=\"widget_slider_1350182390_widget\" class=\"widget widget_slider\">\t\t\t<div class=\"slider_wrap slider_engine_swiper\">\n\t\t\t\t<div id=\"widget_slider_1350182390_outer\" class=\"slider_outer slider_swiper_outer slider_style_default slider_outer_direction_horizontal slider_outer_multi slider_outer_nopagination slider_outer_nocontrols slider_outer_titles_center\"><div id=\"widget_slider_1350182390_swiper\" class=\"slider_container slider_swiper swiper-slider-container slider_nocontrols slider_titles_center slider_noresize slider_height_auto slider_direction_horizontal slider_nopagination slider_multi slider_type_images\" data-ratio=\"16:9\" data-interval=\"7000\" data-effect=\"slide\" data-pagination=\"bullets\" data-direction=\"horizontal\" data-slides-per-view=\"7\" data-slides-space=\"0\" data-slides-min-width=\"150\"><div class=\"slider-wrapper swiper-wrapper\"><div  class=\"slider-slide swiper-slide\" style=\"\"><\/div><div  class=\"slider-slide swiper-slide\" style=\"\"><\/div><div  class=\"slider-slide swiper-slide\" style=\"\"><\/div><div  class=\"slider-slide swiper-slide\" style=\"\"><\/div><div  class=\"slider-slide swiper-slide\" style=\"\"><\/div><div  class=\"slider-slide swiper-slide\" style=\"\"><\/div><div  class=\"slider-slide swiper-slide\" style=\"\"><\/div><\/div><!-- \/.slider-wrapper --><\/div><!-- \/.slider_container --><\/div><!-- \/.slider_outer -->\t\t\t<\/div>\n\t\t\t<\/aside><\/div><div class=\"vc_empty_space\"   style=\"height: 2.5em\"><span class=\"vc_empty_space_inner\"><\/span><\/div><\/div><\/div><\/div><\/div><div class=\"vc_row-full-width vc_clearfix\"><\/div>\n<\/div>","protected":false},"excerpt":{"rendered":"Grazie a una tecnologia semplice, la piattaforma di Sentry Casa, dotata di smartphone, fornisce servizi di automazione e monitoraggio sanitario a distanza. Ci\u00f2 favorisce una maggiore accuratezza diagnostica, un intervento pi\u00f9 tempestivo e migliori risultati in termini di salute.","protected":false},"author":1,"featured_media":0,"parent":0,"menu_order":0,"comment_status":"closed","ping_status":"closed","template":"","meta":{"rs_blank_template":"","rs_page_bg_color":"","slide_template_v7":"","footnotes":""},"class_list":["post-243","page","type-page","status-publish","hentry"],"_links":{"self":[{"href":"https:\/\/sentrycasa.com\/it\/wp-json\/wp\/v2\/pages\/243","targetHints":{"allow":["GET"]}}],"collection":[{"href":"https:\/\/sentrycasa.com\/it\/wp-json\/wp\/v2\/pages"}],"about":[{"href":"https:\/\/sentrycasa.com\/it\/wp-json\/wp\/v2\/types\/page"}],"author":[{"embeddable":true,"href":"https:\/\/sentrycasa.com\/it\/wp-json\/wp\/v2\/users\/1"}],"replies":[{"embeddable":true,"href":"https:\/\/sentrycasa.com\/it\/wp-json\/wp\/v2\/comments?post=243"}],"version-history":[{"count":0,"href":"https:\/\/sentrycasa.com\/it\/wp-json\/wp\/v2\/pages\/243\/revisions"}],"wp:attachment":[{"href":"https:\/\/sentrycasa.com\/it\/wp-json\/wp\/v2\/media?parent=243"}],"curies":[{"name":"scrivere","href":"https:\/\/api.w.org\/{rel}","templated":true}]}}