{"id":243,"date":"2018-01-11T14:28:31","date_gmt":"2018-01-11T14:28:31","guid":{"rendered":"https:\/\/sentrycasa.com\/?page_id=243"},"modified":"2024-08-11T06:27:59","modified_gmt":"2024-08-11T10:27:59","slug":"as-nossas-carateristicas","status":"publish","type":"page","link":"https:\/\/sentrycasa.com\/pt\/our-features\/","title":{"rendered":"As nossas carater\u00edsticas"},"content":{"rendered":"<div class=\"wpb-content-wrapper\"><div data-vc-full-width=\"true\" data-vc-full-width-temp=\"true\" data-vc-full-width-init=\"false\" class=\"vc_row wpb_row vc_row-fluid vc_custom_1524841776249 vc_row-has-fill shape_divider_top-none shape_divider_bottom-none\"><div class=\"wpb_column vc_column_container vc_col-sm-12 sc_layouts_column_icons_position_left\"><div class=\"vc_column-inner\"><div class=\"wpb_wrapper\"><div class=\"vc_empty_space  sc_height_huge\"   style=\"height: 0px\"><span class=\"vc_empty_space_inner\"><\/span><\/div><div class=\"vc_row wpb_row vc_inner vc_row-fluid shape_divider_top-none shape_divider_bottom-none\"><div class=\"wpb_column vc_column_container vc_col-sm-6 sc_layouts_column_icons_position_left\"><div class=\"vc_column-inner\"><div class=\"wpb_wrapper\">\n\t<div  class=\"wpb_single_image wpb_content_element vc_align_left wpb_content_element\">\n\t\t\n\t\t<figure class=\"wpb_wrapper vc_figure\">\n\t\t\t<div class=\"vc_single_image-wrapper   vc_box_border_grey\"><\/div>\n\t\t<\/figure>\n\t<\/div>\n<div class=\"vc_empty_space  hide_on_mobile\"   style=\"height: 2.4em\"><span class=\"vc_empty_space_inner\"><\/span><\/div><div class=\"vc_empty_space  hide_on_desktop hide_on_notebook hide_on_tablet\"   style=\"height: 1.8em\"><span class=\"vc_empty_space_inner\"><\/span><\/div><div id=\"sc_title_1067305924\"\n\t\tclass=\"sc_title color_style_default sc_title_default\"><h6 class=\"sc_item_subtitle sc_title_subtitle sc_align_left sc_item_title_style_default\">Bem-vindo \u00e0 Smart Home Systems<\/h6><h3 class=\"sc_item_title sc_title_title sc_align_left sc_item_title_style_default sc_item_title_tag\">Torne a sua casa mais inteligente<\/h3><\/div><!-- \/.sc_title --><div class=\"vc_empty_space\"   style=\"height: 1em\"><span class=\"vc_empty_space_inner\"><\/span><\/div><div class=\"vc_empty_space  hide_on_tablet hide_on_mobile\"   style=\"height: 1.5em\"><span class=\"vc_empty_space_inner\"><\/span><\/div>\n\t<div class=\"wpb_text_column wpb_content_element\" >\n\t\t<div class=\"wpb_wrapper\">\n\t\t\t<p>Tem a oportunidade de vigiar a sua casa a partir de qualquer lugar e a qualquer hora do dia ou da noite. Uma casa inteligente tem uma excelente qualidade de v\u00eddeo, transmiss\u00e3o em direto e \u00e1udio bidirecional.<\/p>\n\n\t\t<\/div>\n\t<\/div>\n<\/div><\/div><\/div><div class=\"wpb_column vc_column_container vc_col-sm-6 sc_layouts_column_icons_position_left\"><div class=\"vc_column-inner\"><div class=\"wpb_wrapper\"><div class=\"vc_empty_space  hide_on_desktop hide_on_notebook hide_on_tablet sc_height_huge\"   style=\"height: 0px\"><span class=\"vc_empty_space_inner\"><\/span><\/div><div id=\"sc_icons_2015718210\" \n\tclass=\"sc_icons sc_icons_extra sc_icons_size_medium sc_align_center\"><div class=\"sc_icons_columns_wrap sc_item_columns trx_addons_columns_wrap columns_padding_bottom\"><div class=\"trx_addons_column-1_2\"><div class=\"sc_icons_item\"><div id=\"sc_icons_2015718210_icon-icon1-1\" class=\"sc_icons_icon sc_icon_type_ icon-icon1-1\"\n\t\t\t\t\t\t\t\t\t\t\t\t><span class=\"sc_icon_type_ icon-icon1-1\"><\/span><\/div><h4 class=\"sc_icons_item_title\"><span>Seguran\u00e7a &amp;<\/span><span>Vigil\u00e2ncia<\/span><\/h4><\/div><\/div><div class=\"trx_addons_column-1_2\"><div class=\"sc_icons_item\"><div id=\"sc_icons_2015718210_icon-icon3-1\" class=\"sc_icons_icon sc_icon_type_ icon-icon3-1\"\n\t\t\t\t\t\t\t\t\t\t\t\t><span class=\"sc_icon_type_ icon-icon3-1\"><\/span><\/div><h4 class=\"sc_icons_item_title\"><span>Nuvem gratuita<\/span><span>Registo<\/span><\/h4><\/div><\/div><div class=\"trx_addons_column-1_2\"><div class=\"sc_icons_item\"><div id=\"sc_icons_2015718210_icon-icon2-1\" class=\"sc_icons_icon sc_icon_type_ icon-icon2-1\"\n\t\t\t\t\t\t\t\t\t\t\t\t><span class=\"sc_icon_type_ icon-icon2-1\"><\/span><\/div><h4 class=\"sc_icons_item_title\"><span>Inteligente<\/span><span>Alertas<\/span><\/h4><\/div><\/div><div class=\"trx_addons_column-1_2\"><div class=\"sc_icons_item\"><div id=\"sc_icons_2015718210_icon-icon4-2\" class=\"sc_icons_icon sc_icon_type_ icon-icon4-2\"\n\t\t\t\t\t\t\t\t\t\t\t\t><span class=\"sc_icon_type_ icon-icon4-2\"><\/span><\/div><h4 class=\"sc_icons_item_title\"><span>24 horas por dia, 7 dias por semana<\/span><span>Monitoramento<\/span><\/h4><\/div><\/div><\/div><\/div><!-- \/.sc_icons --><\/div><\/div><\/div><\/div><div class=\"vc_empty_space  sc_height_extra_huge\"   style=\"height: 0px\"><span class=\"vc_empty_space_inner\"><\/span><\/div><\/div><\/div><\/div><\/div><div class=\"vc_row-full-width vc_clearfix\"><\/div><div class=\"vc_row wpb_row vc_row-fluid shape_divider_top-none shape_divider_bottom-none\"><div class=\"wpb_column vc_column_container vc_col-sm-12 sc_layouts_column_icons_position_left\"><div class=\"vc_column-inner\"><div class=\"wpb_wrapper\"><div class=\"vc_empty_space  sc_height_huge\"   style=\"height: 0px\"><span class=\"vc_empty_space_inner\"><\/span><\/div><div id=\"sc_title_1191816210\"\n\t\tclass=\"sc_title color_style_default sc_title_default\"><h6 class=\"sc_item_subtitle sc_title_subtitle sc_align_center sc_item_title_style_default\">A nossa equipa<\/h6><h3 class=\"sc_item_title sc_title_title sc_align_center sc_item_title_style_default sc_item_title_tag\">Os melhores profissionais<\/h3><\/div><!-- \/.sc_title --><div class=\"vc_empty_space  sc_height_small\"   style=\"height: 0px\"><span class=\"vc_empty_space_inner\"><\/span><\/div><div  id=\"sc_team_1556757626\"\t\tclass=\"sc_team color_style_default scheme_dark sc_team_extra\"><div class=\"sc_team_columns_wrap sc_item_columns sc_item_posts_container trx_addons_columns_wrap columns_padding_bottom\"><div class=\"trx_addons_column-1_2\"><div class=\"sc_team_item no_links post-190 cpt_team type-cpt_team status-publish has-post-thumbnail hentry\">\n\t<div class=\"post_featured with_thumb hover_ sc_team_item_thumb\"><img decoding=\"async\" width=\"359\" height=\"348\" src=\"https:\/\/sentrycasa.com\/wp-content\/uploads\/2018\/01\/simon-headshot.png\" class=\"attachment-smart_casa-thumb-portrait size-smart_casa-thumb-portrait wp-post-image\" alt=\"Simon Halliday\" srcset=\"https:\/\/sentrycasa.com\/wp-content\/uploads\/2018\/01\/simon-headshot.png 359w, https:\/\/sentrycasa.com\/wp-content\/uploads\/2018\/01\/simon-headshot-300x291.png 300w\" sizes=\"(max-width: 359px) 100vw, 359px\" title=\"Simon Halliday\"><a href=\"https:\/\/sentrycasa.com\/pt\/team\/simon-halliday\/\" aria-hidden=\"true\" class=\"icons\"><\/a><\/div>    <div class=\"sc_team_item_info\">\n\t\t<div class=\"sc_team_item_header\">\n\t\t\t<h4 class=\"sc_team_item_title\"><a href=\"https:\/\/sentrycasa.com\/pt\/team\/simon-halliday\/\">Simon Halliday<\/a><\/h4>\n\t\t\t<div class=\"sc_team_item_subtitle\">DIRECTOR EXECUTIVO<\/div>\n\t\t<\/div>\n\t\t<div class=\"sc_team_item_content\"><p>https:\/\/www.linkedin.com\/in\/simon-censon\/<\/p>\n<\/div>\n\t\t<div class=\"sc_team_item_socials socials_wrap\"><a target=\"_blank\" href=\"https:\/\/www.linkedin.com\/in\/simon-censon\/\" class=\"social_item social_item_style_icons social_item_type_icons\"><span class=\"social_icon social_icon_linkedin\"><span class=\"icon-linkedin\"><\/span><\/span><\/a><\/div><\/div>\n<\/div><\/div><div class=\"trx_addons_column-1_2\"><div class=\"sc_team_item no_links post-196 cpt_team type-cpt_team status-publish has-post-thumbnail hentry\">\n\t<div class=\"post_featured with_thumb hover_ sc_team_item_thumb\"><img decoding=\"async\" width=\"540\" height=\"640\" src=\"https:\/\/sentrycasa.com\/wp-content\/uploads\/2018\/01\/daniel-photo-01-540x640.jpg\" class=\"attachment-smart_casa-thumb-portrait size-smart_casa-thumb-portrait wp-post-image\" alt=\"Daniel Lantape\" title=\"Daniel Lantape\"><a href=\"https:\/\/sentrycasa.com\/pt\/team\/daniel-lantape\/\" aria-hidden=\"true\" class=\"icons\"><\/a><\/div>    <div class=\"sc_team_item_info\">\n\t\t<div class=\"sc_team_item_header\">\n\t\t\t<h4 class=\"sc_team_item_title\"><a href=\"https:\/\/sentrycasa.com\/pt\/team\/daniel-lantape\/\">Daniel Lantape<\/a><\/h4>\n\t\t\t<div class=\"sc_team_item_subtitle\">Investiga\u00e7\u00e3o m\u00e9dica<\/div>\n\t\t<\/div>\n\t\t<div class=\"sc_team_item_content\"><p>Daniel Lantape \u00e9 o diretor de investiga\u00e7\u00e3o m\u00e9dica da Sentry Casa.<\/p>\n<\/div>\n\t\t<div class=\"sc_team_item_socials socials_wrap\"><a target=\"_blank\" href=\"https:\/\/www.linkedin.com\/in\/daniel-lantape\/\" class=\"social_item social_item_style_icons social_item_type_icons\"><span class=\"social_icon social_icon_linkedin\"><span class=\"icon-linkedin\"><\/span><\/span><\/a><\/div><\/div>\n<\/div><\/div><\/div><\/div><!-- \/.sc_team --><div class=\"vc_empty_space\"   style=\"height: 1em\"><span class=\"vc_empty_space_inner\"><\/span><\/div><div class=\"vc_empty_space  hide_on_tablet hide_on_mobile\"   style=\"height: 1em\"><span class=\"vc_empty_space_inner\"><\/span><\/div><div class=\"sc_item_button sc_button_wrap sc_align_center\"><a href=\"\/\/sentrycasa.com\/about-us\/\" id=\"sc_button_1006088671\" class=\"sc_button color_style_default sc_button_default sc_button_size_normal sc_button_icon_left\"><span class=\"sc_button_text\"><span class=\"sc_button_title\">Todos os membros da equipa<\/span><\/span><!-- \/.sc_button_text --><\/a><!-- \/.sc_button --><\/div><!-- \/.sc_item_button --><div class=\"vc_empty_space  sc_height_huge\"   style=\"height: 0px\"><span class=\"vc_empty_space_inner\"><\/span><\/div><\/div><\/div><\/div><\/div><div data-vc-full-width=\"true\" data-vc-full-width-temp=\"true\" data-vc-full-width-init=\"false\" class=\"vc_row wpb_row vc_row-fluid vc_custom_1525783008496 vc_row-has-fill sc_bg_mask_7 shape_divider_top-none shape_divider_bottom-none scheme_dark\"><div class=\"wpb_column vc_column_container vc_col-sm-12 sc_layouts_column_icons_position_left\"><div class=\"vc_column-inner\"><div class=\"wpb_wrapper\"><div class=\"vc_empty_space  sc_height_huge\"   style=\"height: 0px\"><span class=\"vc_empty_space_inner\"><\/span><\/div><div id=\"sc_title_1726899850\"\n\t\tclass=\"sc_title color_style_dark sc_title_default\"><h6 class=\"sc_item_subtitle sc_title_subtitle sc_align_center sc_item_title_style_default\">Fazer perguntas<\/h6><h3 class=\"sc_item_title sc_title_title sc_align_center sc_item_title_style_default sc_item_title_tag\">Perguntas mais frequentes<\/h3><\/div><!-- \/.sc_title --><div class=\"vc_empty_space\"   style=\"height: 2em\"><span class=\"vc_empty_space_inner\"><\/span><\/div><div class=\"vc_empty_space  hide_on_mobile\"   style=\"height: 2em\"><span class=\"vc_empty_space_inner\"><\/span><\/div><div id=\"sc_content_1345266034\"\n\t\tclass=\"sc_content color_style_default sc_content_default sc_content_width_70p sc_float_center extra_width\"><div class=\"sc_content_container\"><div  class=\"vc_do_toggle vc_toggle vc_toggle_round vc_toggle_color_default vc_toggle_color_inverted vc_toggle_size_md\"><div class=\"vc_toggle_title\"><h4>O que \u00e9 a dom\u00f3tica?<\/h4><i class=\"vc_toggle_icon\"><\/i><\/div><div class=\"vc_toggle_content\"><p>A casa inteligente \u00e9 a automatiza\u00e7\u00e3o de edif\u00edcios que torna a sua vida mais f\u00e1cil. Inclui a automatiza\u00e7\u00e3o do ar condicionado, da ilumina\u00e7\u00e3o, da ventila\u00e7\u00e3o e da seguran\u00e7a. Al\u00e9m disso, \u00e9 poss\u00edvel controlar electrodom\u00e9sticos como frigor\u00edficos, m\u00e1quinas de lavar ou fornos. Para a monitoriza\u00e7\u00e3o e o controlo remotos, \u00e9 utilizado o Wi-Fi. Atualmente, os dispositivos dom\u00e9sticos s\u00e3o uma parte importante e inalien\u00e1vel da nossa vida.<\/p>\n<\/div><\/div><div  class=\"vc_do_toggle vc_toggle vc_toggle_round vc_toggle_color_default vc_toggle_color_inverted vc_toggle_size_md\"><div class=\"vc_toggle_title\"><h4>O que \u00e9 uma casa inteligente?<\/h4><i class=\"vc_toggle_icon\"><\/i><\/div><div class=\"vc_toggle_content\"><p>Antes de mais, uma casa inteligente \u00e9 a sua melhor companhia para uma vida confort\u00e1vel. Os novos sistemas s\u00e3o geralmente constitu\u00eddos por sensores ligados a um hub central a partir do qual o sistema \u00e9 controlado por uma interface de utilizador. Normalmente, interage com um software para telem\u00f3vel, uma interface Web ou um tablet. Atualmente, os sistemas dom\u00e9sticos inteligentes podem encontrar as chaves do carro, encomendar um jantar, baixar o term\u00f3stato e alert\u00e1-lo para quaisquer perturba\u00e7\u00f5es quando est\u00e1 ausente.<\/p>\n<\/div><\/div><div  class=\"vc_do_toggle vc_toggle vc_toggle_round vc_toggle_color_default vc_toggle_color_inverted vc_toggle_size_md\"><div class=\"vc_toggle_title\"><h4>Como tornar a sua casa inteligente?<\/h4><i class=\"vc_toggle_icon\"><\/i><\/div><div class=\"vc_toggle_content\"><p>Uma casa inteligente \u00e9 um novo padr\u00e3o de conforto em todo o mundo. Nos \u00faltimos anos, surgiram in\u00fameros novos aparelhos destinados a ajudar as pessoas a tornar as suas casas inteligentes: desde l\u00e2mpadas a chaleiras e fechaduras de portas. Qualquer dispositivo ou aparelho que utilize eletricidade pode ser inclu\u00eddo na sua rede dom\u00e9stica. Controle a sua casa com comandos de voz, movimentos de m\u00e3o, tablets ou smartphones - ela reagir\u00e1.<\/p>\n<\/div><\/div><div class=\"vc_empty_space\"   style=\"height: 0.9em\"><span class=\"vc_empty_space_inner\"><\/span><\/div><div class=\"sc_item_button sc_button_wrap sc_align_center\"><a href=\"\/\/sentrycasa.com\/about-us\/\" id=\"sc_button_1548972211\" class=\"sc_button color_style_default sc_button_default sc_button_size_normal sc_button_icon_left\"><span class=\"sc_button_text\"><span class=\"sc_button_title\">Mais informa\u00e7\u00f5es<\/span><\/span><!-- \/.sc_button_text --><\/a><!-- \/.sc_button --><\/div><!-- \/.sc_item_button --><\/div><\/div><!-- \/.sc_content --><div class=\"vc_empty_space  sc_height_huge\"   style=\"height: 0px\"><span class=\"vc_empty_space_inner\"><\/span><\/div><\/div><\/div><\/div><\/div><div class=\"vc_row-full-width vc_clearfix\"><\/div><div class=\"vc_row wpb_row vc_row-fluid shape_divider_top-none shape_divider_bottom-none\"><div class=\"wpb_column vc_column_container vc_col-sm-12 sc_layouts_column_icons_position_left\"><div class=\"vc_column-inner\"><div class=\"wpb_wrapper\"><div class=\"vc_empty_space  sc_height_huge\"   style=\"height: 0px\"><span class=\"vc_empty_space_inner\"><\/span><\/div><div id=\"sc_title_980896710\"\n\t\tclass=\"sc_title color_style_default sc_title_default\"><h6 class=\"sc_item_subtitle sc_title_subtitle sc_align_center sc_item_title_style_default\">Gerir facilmente a sua casa inteligente a partir de qualquer lugar<\/h6><h3 class=\"sc_item_title sc_title_title sc_align_center sc_item_title_style_default sc_item_title_tag\">Tr\u00eas maneiras de controlar <br> A sua casa<\/h3><\/div><!-- \/.sc_title --><div class=\"vc_empty_space  sc_height_small\"   style=\"height: 0px\"><span class=\"vc_empty_space_inner\"><\/span><\/div><div id=\"sc_services_2147345038\" class=\"sc_services color_style_default sc_services_default sc_services_featured_top\"><div class=\"sc_services_columns_wrap sc_item_columns sc_item_posts_container sc_item_columns_3 trx_addons_columns_wrap columns_padding_bottom\"><div class=\"trx_addons_column-1_3\"><div class=\"sc_services_item no_links with_content with_icon sc_services_item_featured_top post-2100 cpt_services type-cpt_services status-publish has-post-thumbnail hentry cpt_services_group-our-services cpt_services_group-three-ways\">\n\t<a href=\"https:\/\/sentrycasa.com\/pt\/services\/smart-telehealth\/\" id=\"sc_services_2147345038_icon-speech_1\"\n\t\t\t\t class=\"sc_services_item_icon icon-speech\" style=\"color:#8224e3\"><\/a>\t\n\t<div class=\"sc_services_item_info\">\n\t\t<div class=\"sc_services_item_header\">\n\t\t\t<h4 class=\"sc_services_item_title\"><a href=\"https:\/\/sentrycasa.com\/pt\/services\/smart-telehealth\/\">Tele-sa\u00fade inteligente<\/a><\/h4>\n            \t\t<\/div>\n\t\t\t\t\t<div class=\"sc_services_item_content\"><p>O seu M\u00e9dico de Cuidados Prim\u00e1rios Virtual pode tratar doen\u00e7as cr\u00f3nicas e de longa dura\u00e7\u00e3o ou se estiver simplesmente a sentir-se mal. Consultas dispon\u00edveis das 8:00 \u00e0s 20:00, sete dias por semana.<\/p>\n<\/div><div class=\"sc_services_item_button sc_item_button\"><a href=\"https:\/\/sentrycasa.com\/pt\/services\/smart-telehealth\/\" class=\"sc_button\">Informa\u00e7\u00f5es<\/a><\/div><\/div>\n<\/div>\n<\/div><div class=\"trx_addons_column-1_3\"><div class=\"sc_services_item no_links with_content with_icon sc_services_item_featured_top post-2098 cpt_services type-cpt_services status-publish has-post-thumbnail hentry cpt_services_group-our-services cpt_services_group-three-ways\">\n\t<a href=\"https:\/\/sentrycasa.com\/pt\/services\/smart-therapy\/\" id=\"sc_services_2147345038_icon-icon6-1_2\"\n\t\t\t\t class=\"sc_services_item_icon icon-icon6-1\" style=\"color:#8224e3\"><\/a>\t\n\t<div class=\"sc_services_item_info\">\n\t\t<div class=\"sc_services_item_header\">\n\t\t\t<h4 class=\"sc_services_item_title\"><a href=\"https:\/\/sentrycasa.com\/pt\/services\/smart-therapy\/\">Terapia Inteligente<\/a><\/h4>\n            \t\t<\/div>\n\t\t\t\t\t<div class=\"sc_services_item_content\"><p>Capacitar as pessoas a assumirem o controle de suas doen\u00e7as cr\u00f4nicas por meio de terapias digitais personalizadas.<\/p>\n<\/div><div class=\"sc_services_item_button sc_item_button\"><a href=\"https:\/\/sentrycasa.com\/pt\/services\/smart-therapy\/\" class=\"sc_button\">Informa\u00e7\u00f5es<\/a><\/div><\/div>\n<\/div>\n<\/div><div class=\"trx_addons_column-1_3\"><div class=\"sc_services_item no_links with_content with_icon sc_services_item_featured_top post-2096 cpt_services type-cpt_services status-publish has-post-thumbnail hentry cpt_services_group-our-services cpt_services_group-three-ways\">\n\t<a href=\"https:\/\/sentrycasa.com\/pt\/services\/smart-health-automation\/\" id=\"sc_services_2147345038_icon-calendar-light_3\"\n\t\t\t\t class=\"sc_services_item_icon icon-calendar-light\" style=\"color:#8224e3\"><\/a>\t\n\t<div class=\"sc_services_item_info\">\n\t\t<div class=\"sc_services_item_header\">\n\t\t\t<h4 class=\"sc_services_item_title\"><a href=\"https:\/\/sentrycasa.com\/pt\/services\/smart-health-automation\/\">Automa\u00e7\u00e3o Inteligente de Sa\u00fade<\/a><\/h4>\n            \t\t<\/div>\n\t\t\t\t\t<div class=\"sc_services_item_content\"><p>Utilizando tecnologia simples, a plataforma para smartphones da Sentry Casa oferece servi\u00e7os remotos de automa\u00e7\u00e3o e monitoramento de sa\u00fade.<\/p>\n<\/div><div class=\"sc_services_item_button sc_item_button\"><a href=\"https:\/\/sentrycasa.com\/pt\/services\/smart-health-automation\/\" class=\"sc_button\">Informa\u00e7\u00f5es<\/a><\/div><\/div>\n<\/div>\n<\/div><\/div><\/div><!-- \/.sc_services --><div class=\"vc_empty_space  sc_height_extra_medium\"   style=\"height: 0px\"><span class=\"vc_empty_space_inner\"><\/span><\/div><\/div><\/div><\/div><\/div><div data-vc-full-width=\"true\" data-vc-full-width-temp=\"true\" data-vc-full-width-init=\"false\" class=\"vc_row wpb_row vc_row-fluid vc_custom_1525683960481 vc_row-has-fill shape_divider_top-none shape_divider_bottom-none\"><div class=\"wpb_column vc_column_container vc_col-sm-12 sc_layouts_column_icons_position_left\"><div class=\"vc_column-inner\"><div class=\"wpb_wrapper\"><div class=\"vc_empty_space\"   style=\"height: 2.5em\"><span class=\"vc_empty_space_inner\"><\/span><\/div><div id=\"widget_slider_700395403\" class=\"widget_area sc_widget_slider vc_widget_slider wpb_content_element\"><aside id=\"widget_slider_700395403_widget\" class=\"widget widget_slider\">\t\t\t<div class=\"slider_wrap slider_engine_swiper\">\n\t\t\t\t<div id=\"widget_slider_700395403_outer\" class=\"slider_outer slider_swiper_outer slider_style_default slider_outer_direction_horizontal slider_outer_multi slider_outer_nopagination slider_outer_nocontrols slider_outer_titles_center\"><div id=\"widget_slider_700395403_swiper\" class=\"slider_container slider_swiper swiper-slider-container slider_nocontrols slider_titles_center slider_noresize slider_height_auto slider_direction_horizontal slider_nopagination slider_multi slider_type_images\" data-ratio=\"16:9\" data-interval=\"7000\" data-effect=\"slide\" data-pagination=\"bullets\" data-direction=\"horizontal\" data-slides-per-view=\"7\" data-slides-space=\"0\" data-slides-min-width=\"150\"><div class=\"slider-wrapper swiper-wrapper\"><div  class=\"slider-slide swiper-slide\" style=\"\"><\/div><div  class=\"slider-slide swiper-slide\" style=\"\"><\/div><div  class=\"slider-slide swiper-slide\" style=\"\"><\/div><div  class=\"slider-slide swiper-slide\" style=\"\"><\/div><div  class=\"slider-slide swiper-slide\" style=\"\"><\/div><div  class=\"slider-slide swiper-slide\" style=\"\"><\/div><div  class=\"slider-slide swiper-slide\" style=\"\"><\/div><\/div><!-- \/.slider-wrapper --><\/div><!-- \/.slider_container --><\/div><!-- \/.slider_outer -->\t\t\t<\/div>\n\t\t\t<\/aside><\/div><div class=\"vc_empty_space\"   style=\"height: 2.5em\"><span class=\"vc_empty_space_inner\"><\/span><\/div><\/div><\/div><\/div><\/div><div class=\"vc_row-full-width vc_clearfix\"><\/div>\n<\/div>","protected":false},"excerpt":{"rendered":"Utilizando tecnologia simples, a plataforma habilitada para smartphones da Sentry Casa fornece servi\u00e7os remotos de automa\u00e7\u00e3o e monitoramento da sa\u00fade. Isso contribui para melhorar a precis\u00e3o do diagn\u00f3stico, permitir uma interven\u00e7\u00e3o mais precoce e obter melhores resultados de sa\u00fade.","protected":false},"author":1,"featured_media":0,"parent":0,"menu_order":0,"comment_status":"closed","ping_status":"closed","template":"","meta":{"rs_blank_template":"","rs_page_bg_color":"","slide_template_v7":"","footnotes":""},"class_list":["post-243","page","type-page","status-publish","hentry"],"_links":{"self":[{"href":"https:\/\/sentrycasa.com\/pt\/wp-json\/wp\/v2\/pages\/243","targetHints":{"allow":["GET"]}}],"collection":[{"href":"https:\/\/sentrycasa.com\/pt\/wp-json\/wp\/v2\/pages"}],"about":[{"href":"https:\/\/sentrycasa.com\/pt\/wp-json\/wp\/v2\/types\/page"}],"author":[{"embeddable":true,"href":"https:\/\/sentrycasa.com\/pt\/wp-json\/wp\/v2\/users\/1"}],"replies":[{"embeddable":true,"href":"https:\/\/sentrycasa.com\/pt\/wp-json\/wp\/v2\/comments?post=243"}],"version-history":[{"count":0,"href":"https:\/\/sentrycasa.com\/pt\/wp-json\/wp\/v2\/pages\/243\/revisions"}],"wp:attachment":[{"href":"https:\/\/sentrycasa.com\/pt\/wp-json\/wp\/v2\/media?parent=243"}],"curies":[{"name":"wp","href":"https:\/\/api.w.org\/{rel}","templated":true}]}}