{"id":92,"date":"2018-01-09T16:47:27","date_gmt":"2018-01-09T16:47:27","guid":{"rendered":"https:\/\/sentrycasa.com\/?page_id=92"},"modified":"2024-08-11T02:46:30","modified_gmt":"2024-08-11T06:46:30","slug":"servicos-sentry-casa","status":"publish","type":"page","link":"https:\/\/sentrycasa.com\/pt\/sentry-casa-services\/","title":{"rendered":"Servi\u00e7os Sentry Casa"},"content":{"rendered":"<div class=\"wpb-content-wrapper\"><div class=\"vc_row wpb_row vc_row-fluid shape_divider_top-none shape_divider_bottom-none\"><div class=\"wpb_column vc_column_container vc_col-sm-12 sc_layouts_column_icons_position_left\"><div class=\"vc_column-inner\"><div class=\"wpb_wrapper\"><div id=\"sc_title_1932566286\"\n\t\tclass=\"sc_title color_style_default sc_title_default\"><h6 class=\"sc_item_subtitle sc_title_subtitle sc_align_center sc_item_title_style_default\">Nossos servi\u00e7os<\/h6><h3 class=\"sc_item_title sc_title_title sc_align_center sc_item_title_style_default sc_item_title_tag\">O derradeiro sistema inteligente tudo-em-um <br> Prestador de servi\u00e7os de sa\u00fade e domic\u00edlio<\/h3><\/div><!-- \/.sc_title --><div class=\"vc_empty_space  sc_height_small\"   style=\"height: 0px\"><span class=\"vc_empty_space_inner\"><\/span><\/div><div class=\"vc_row wpb_row vc_inner vc_row-fluid shape_divider_top-none shape_divider_bottom-none\"><div class=\"wpb_column vc_column_container vc_col-sm-6 sc_layouts_column_icons_position_left\"><div class=\"vc_column-inner vc_custom_1525159124209\"><div class=\"wpb_wrapper\"><div id=\"sc_content_492743190\"\n\t\tclass=\"sc_content color_style_default sc_content_default sc_float_center sc_align_left\"><div class=\"sc_content_container\"><div id=\"sc_services_185317493\" class=\"sc_services color_style_default sc_services_timeline sc_services_featured_left\"><div class=\"sc_services_content sc_item_content sc_item_posts_container sc_item_columns_1\"><div class=\"sc_services_item no_links with_content with_icon sc_services_item_featured_left post-2094 cpt_services type-cpt_services status-publish has-post-thumbnail hentry cpt_services_group-our-services cpt_services_group-three-ways\"><div class=\"sc_services_item_timeline\"><\/div><a href=\"https:\/\/sentrycasa.com\/pt\/services\/smart-vitals\/\" id=\"sc_services_185317493_icon-clipboard_1\"\n\t\t\t\t class=\"sc_services_item_marker sc_services_item_icon icon-clipboard\" style=\"background-color:#8224e3\"><\/a>\t\n\t<div class=\"sc_services_item_info\">\n\t\t<div class=\"post_featured with_thumb hover_icon sc_services_item_featured\"><img decoding=\"async\" width=\"450\" height=\"327\" src=\"https:\/\/sentrycasa.com\/wp-content\/uploads\/2024\/08\/Screenshot_2023-11-11_10-50-47-450x327.png\" class=\"attachment-smart_casa-thumb-additional size-smart_casa-thumb-additional wp-post-image\" alt=\"sinais vitais inteligentes\" title=\"Sinais vitais inteligentes\"><div class=\"mask\"><\/div><div class=\"icons\"><a href=\"https:\/\/sentrycasa.com\/pt\/services\/smart-vitals\/\" aria-hidden=\"true\" class=\"icon-plus-1\"><\/a><\/div><\/div>\t\t<div class=\"sc_services_item_header\">\n\t\t\t\t\t\t<h6 class=\"sc_services_item_title\"><a href=\"https:\/\/sentrycasa.com\/pt\/services\/smart-vitals\/\">Sinais vitais inteligentes<\/a><\/h6><\/div><div class=\"sc_services_item_content\"><p>Use a c\u00e2mera do seu smartphone para extrair sinais vitais e dados de glicemia com nosso aplicativo de imagem \u00f3ptica transd\u00e9rmica em quest\u00e3o de segundos.  <\/p>\n<\/div><div class=\"sc_services_item_button sc_item_button\"><a href=\"https:\/\/sentrycasa.com\/pt\/services\/smart-vitals\/\" class=\"sc_button\">Informa\u00e7\u00f5es<\/a><\/div><\/div>\n<\/div><div class=\"sc_services_item no_links with_content with_icon sc_services_item_featured_left post-2096 cpt_services type-cpt_services status-publish has-post-thumbnail hentry cpt_services_group-our-services cpt_services_group-three-ways\"><div class=\"sc_services_item_timeline\"><\/div><a href=\"https:\/\/sentrycasa.com\/pt\/services\/smart-health-automation\/\" id=\"sc_services_185317493_icon-calendar-light_2\"\n\t\t\t\t class=\"sc_services_item_marker sc_services_item_icon icon-calendar-light\" style=\"background-color:#8224e3\"><\/a>\t\n\t<div class=\"sc_services_item_info\">\n\t\t<div class=\"post_featured with_thumb hover_icon sc_services_item_featured\"><img decoding=\"async\" width=\"450\" height=\"327\" src=\"https:\/\/sentrycasa.com\/wp-content\/uploads\/2024\/08\/What-Our-Patients-Say-About-CENSON-450x327.jpg\" class=\"attachment-smart_casa-thumb-additional size-smart_casa-thumb-additional wp-post-image\" alt=\"Utilizando uma tecnologia simples, a plataforma Sentry Casa para smartphones fornece servi\u00e7os de monitoriza\u00e7\u00e3o remota da sa\u00fade.\" title=\"Automa\u00e7\u00e3o Inteligente de Sa\u00fade\"><div class=\"mask\"><\/div><div class=\"icons\"><a href=\"https:\/\/sentrycasa.com\/pt\/services\/smart-health-automation\/\" aria-hidden=\"true\" class=\"icon-plus-1\"><\/a><\/div><\/div>\t\t<div class=\"sc_services_item_header\">\n\t\t\t\t\t\t<h6 class=\"sc_services_item_title\"><a href=\"https:\/\/sentrycasa.com\/pt\/services\/smart-health-automation\/\">Automa\u00e7\u00e3o Inteligente de Sa\u00fade<\/a><\/h6><\/div><div class=\"sc_services_item_content\"><p>Utilizando tecnologia simples, a plataforma para smartphones da Sentry Casa oferece servi\u00e7os remotos de automa\u00e7\u00e3o e monitoramento de sa\u00fade.<\/p>\n<\/div><div class=\"sc_services_item_button sc_item_button\"><a href=\"https:\/\/sentrycasa.com\/pt\/services\/smart-health-automation\/\" class=\"sc_button\">Informa\u00e7\u00f5es<\/a><\/div><\/div>\n<\/div><\/div><\/div><!-- \/.sc_services --><\/div><\/div><!-- \/.sc_content --><\/div><\/div><\/div><div class=\"wpb_column vc_column_container vc_col-sm-6 sc_layouts_column_icons_position_left\"><div class=\"vc_column-inner vc_custom_1525159131575\"><div class=\"wpb_wrapper\"><div class=\"vc_empty_space  hide_on_desktop hide_on_notebook hide_on_tablet sc_height_huge\"   style=\"height: 0px\"><span class=\"vc_empty_space_inner\"><\/span><\/div><div id=\"sc_content_1193823786\"\n\t\tclass=\"sc_content color_style_default sc_content_default sc_float_center sc_align_right\"><div class=\"sc_content_container\"><div id=\"sc_services_1219054687\" class=\"sc_services color_style_default sc_services_timeline sc_services_featured_right\"><div class=\"sc_services_content sc_item_content sc_item_posts_container sc_item_columns_1\"><div class=\"sc_services_item no_links with_content with_icon sc_services_item_featured_right post-2100 cpt_services type-cpt_services status-publish has-post-thumbnail hentry cpt_services_group-our-services cpt_services_group-three-ways\"><div class=\"sc_services_item_timeline\"><\/div><a href=\"https:\/\/sentrycasa.com\/pt\/services\/smart-telehealth\/\" id=\"sc_services_1219054687_icon-speech_1\"\n\t\t\t\t class=\"sc_services_item_marker sc_services_item_icon icon-speech\" style=\"background-color:#8224e3\"><\/a>\t\n\t<div class=\"sc_services_item_info\">\n\t\t<div class=\"post_featured with_thumb hover_icon sc_services_item_featured\"><img decoding=\"async\" width=\"450\" height=\"327\" src=\"https:\/\/sentrycasa.com\/wp-content\/uploads\/2024\/08\/Revolutionizing-Healthy-Aging-The-Benefits-and-Features-of-RAVCAREs-Digital-Therapeutics-for-Aging-in-Place-450x327.jpg\" class=\"attachment-smart_casa-thumb-additional size-smart_casa-thumb-additional wp-post-image\" alt=\"tele-sa\u00fade inteligente, casa inteligente e automatiza\u00e7\u00e3o da sa\u00fade\" title=\"Tele-sa\u00fade inteligente\"><div class=\"mask\"><\/div><div class=\"icons\"><a href=\"https:\/\/sentrycasa.com\/pt\/services\/smart-telehealth\/\" aria-hidden=\"true\" class=\"icon-plus-1\"><\/a><\/div><\/div>\t\t<div class=\"sc_services_item_header\">\n\t\t\t\t\t\t<h6 class=\"sc_services_item_title\"><a href=\"https:\/\/sentrycasa.com\/pt\/services\/smart-telehealth\/\">Tele-sa\u00fade inteligente<\/a><\/h6><\/div><div class=\"sc_services_item_content\"><p>O seu M\u00e9dico de Cuidados Prim\u00e1rios Virtual pode tratar doen\u00e7as cr\u00f3nicas e de longa dura\u00e7\u00e3o ou se estiver simplesmente a sentir-se mal. Consultas dispon\u00edveis das 8:00 \u00e0s 20:00, sete dias por semana.<\/p>\n<\/div><div class=\"sc_services_item_button sc_item_button\"><a href=\"https:\/\/sentrycasa.com\/pt\/services\/smart-telehealth\/\" class=\"sc_button\">Informa\u00e7\u00f5es<\/a><\/div><\/div>\n<\/div><div class=\"sc_services_item no_links with_content with_icon sc_services_item_featured_right post-2098 cpt_services type-cpt_services status-publish has-post-thumbnail hentry cpt_services_group-our-services cpt_services_group-three-ways\"><div class=\"sc_services_item_timeline\"><\/div><a href=\"https:\/\/sentrycasa.com\/pt\/services\/smart-therapy\/\" id=\"sc_services_1219054687_icon-icon6-1_2\"\n\t\t\t\t class=\"sc_services_item_marker sc_services_item_icon icon-icon6-1\" style=\"background-color:#8224e3\"><\/a>\t\n\t<div class=\"sc_services_item_info\">\n\t\t<div class=\"post_featured with_thumb hover_icon sc_services_item_featured\"><img decoding=\"async\" width=\"450\" height=\"327\" src=\"https:\/\/sentrycasa.com\/wp-content\/uploads\/2024\/08\/RAVCARE-Digital-Therapeutics-Revolutionizing-Healthcare-through-Evidence-Based-Digital-Interventions-450x327.jpg\" class=\"attachment-smart_casa-thumb-additional size-smart_casa-thumb-additional wp-post-image\" alt=\"Capacitar as pessoas a assumirem o controle de suas doen\u00e7as cr\u00f4nicas por meio de terapias digitais personalizadas.\" title=\"Terapia Inteligente\"><div class=\"mask\"><\/div><div class=\"icons\"><a href=\"https:\/\/sentrycasa.com\/pt\/services\/smart-therapy\/\" aria-hidden=\"true\" class=\"icon-plus-1\"><\/a><\/div><\/div>\t\t<div class=\"sc_services_item_header\">\n\t\t\t\t\t\t<h6 class=\"sc_services_item_title\"><a href=\"https:\/\/sentrycasa.com\/pt\/services\/smart-therapy\/\">Terapia Inteligente<\/a><\/h6><\/div><div class=\"sc_services_item_content\"><p>Capacitar as pessoas a assumirem o controle de suas doen\u00e7as cr\u00f4nicas por meio de terapias digitais personalizadas.<\/p>\n<\/div><div class=\"sc_services_item_button sc_item_button\"><a href=\"https:\/\/sentrycasa.com\/pt\/services\/smart-therapy\/\" class=\"sc_button\">Informa\u00e7\u00f5es<\/a><\/div><\/div>\n<\/div><\/div><\/div><!-- \/.sc_services --><\/div><\/div><!-- \/.sc_content --><\/div><\/div><\/div><\/div><div class=\"vc_empty_space  sc_height_huge\"   style=\"height: 0px\"><span class=\"vc_empty_space_inner\"><\/span><\/div><\/div><\/div><\/div><\/div><div data-vc-full-width=\"true\" data-vc-full-width-temp=\"true\" data-vc-full-width-init=\"false\" class=\"vc_row wpb_row vc_row-fluid vc_custom_1525433440584 vc_row-has-fill shape_divider_top-none shape_divider_bottom-none\"><div class=\"wpb_column vc_column_container vc_col-sm-12 sc_layouts_column_icons_position_left\"><div class=\"vc_column-inner\"><div class=\"wpb_wrapper\"><div class=\"vc_empty_space  sc_height_huge\"   style=\"height: 0px\"><span class=\"vc_empty_space_inner\"><\/span><\/div><div id=\"sc_title_2134469100\"\n\t\tclass=\"sc_title color_style_default sc_title_default\"><h6 class=\"sc_item_subtitle sc_title_subtitle sc_align_center sc_item_title_style_default\">Escolha o seu plano<\/h6><h3 class=\"sc_item_title sc_title_title sc_align_center sc_item_title_style_default sc_item_title_tag\">Casa inteligente e pacotes de sa\u00fade<\/h3><\/div><!-- \/.sc_title --><div class=\"vc_empty_space  sc_height_small\"   style=\"height: 0px\"><span class=\"vc_empty_space_inner\"><\/span><\/div><div  id=\"sc_price_731353100\" \n\tclass=\"sc_price color_style_default sc_price_default\"><div class=\"sc_price_columns_wrap sc_item_columns trx_addons_columns_wrap columns_padding_bottom\"><div class=\"trx_addons_column-1_3\"><div class=\"sc_price_item sc_price_item_default\">\n\t\t\t<div class=\"sc_price_item_info\"><div class=\"sc_price_item_price\"><span class=\"sc_price_item_price_before\">De <\/span><span class=\"sc_price_item_price_value\">$2<\/span><span class=\"sc_price_item_price_after\">\/ por m\u00eas<\/span><\/div><div class=\"sc_price_item_details\"><h6>Sinais vitais inteligentes<\/h6>\n<p>Acompanhar os sinais vitais<\/p><\/div><a href=\"\/\/sentrycasa.com\/about-us\/\" class=\"sc_price_item_link sc_button\">Informa\u00e7\u00f5es<\/a><\/div><!-- \/.sc_price_item_info --><\/div><\/div><div class=\"trx_addons_column-1_3\"><div class=\"sc_price_item sc_price_item_default\">\n\t\t\t<div class=\"sc_price_item_info\"><div class=\"sc_price_item_price\"><span class=\"sc_price_item_price_before\">De <\/span><span class=\"sc_price_item_price_value\">$19<\/span><span class=\"sc_price_item_price_after\">\/ por m\u00eas<\/span><\/div><div class=\"sc_price_item_details\"><h6>Monitoriza\u00e7\u00e3o inteligente da sa\u00fade<\/h6>\n<p>Monitoriza\u00e7\u00e3o da sua sa\u00fade 24 horas por dia, 7 dias por semana<\/p><\/div><a href=\"\/\/sentrycasa.com\/about-us\/\" class=\"sc_price_item_link sc_button\">Informa\u00e7\u00f5es<\/a><\/div><!-- \/.sc_price_item_info --><\/div><\/div><div class=\"trx_addons_column-1_3\"><div class=\"sc_price_item sc_price_item_default\">\n\t\t\t<div class=\"sc_price_item_info\"><div class=\"sc_price_item_price\"><span class=\"sc_price_item_price_before\">De <\/span><span class=\"sc_price_item_price_value\">$69<\/span><span class=\"sc_price_item_price_after\">\/ por m\u00eas<\/span><\/div><div class=\"sc_price_item_details\"><h6>Terapia Inteligente<\/h6>\n<p>Terap\u00eautica digital para doen\u00e7as cr\u00f3nicas<\/p><\/div><a href=\"\/\/sentrycasa.com\/about-us\/\" class=\"sc_price_item_link sc_button\">Informa\u00e7\u00f5es<\/a><\/div><!-- \/.sc_price_item_info --><\/div><\/div><\/div><\/div><!-- \/.sc_price --><div class=\"vc_empty_space\"   style=\"height: 1em\"><span class=\"vc_empty_space_inner\"><\/span><\/div><div class=\"vc_empty_space  hide_on_tablet hide_on_mobile\"   style=\"height: 1em\"><span class=\"vc_empty_space_inner\"><\/span><\/div><div class=\"sc_item_button sc_button_wrap sc_align_center\"><a href=\"\/\/sentrycasa.com\/contacts\/\" id=\"sc_button_380959060\" class=\"sc_button color_style_default sc_button_default sc_button_size_normal sc_button_icon_left\"><span class=\"sc_button_text\"><span class=\"sc_button_title\">Pedir um or\u00e7amento<\/span><\/span><!-- \/.sc_button_text --><\/a><!-- \/.sc_button --><\/div><!-- \/.sc_item_button --><div class=\"vc_empty_space  sc_height_huge\"   style=\"height: 0px\"><span class=\"vc_empty_space_inner\"><\/span><\/div><\/div><\/div><\/div><\/div><div class=\"vc_row-full-width vc_clearfix\"><\/div><div class=\"vc_row wpb_row vc_row-fluid vc_custom_1525183699930 vc_row-has-fill shape_divider_top-none shape_divider_bottom-none\"><div class=\"wpb_column vc_column_container vc_col-sm-12 sc_layouts_column_icons_position_left\"><div class=\"vc_column-inner\"><div class=\"wpb_wrapper\"><div class=\"vc_empty_space  sc_height_huge\"   style=\"height: 0px\"><span class=\"vc_empty_space_inner\"><\/span><\/div><div id=\"sc_title_980920656\"\n\t\tclass=\"sc_title color_style_default sc_title_default\"><h6 class=\"sc_item_subtitle sc_title_subtitle sc_align_center sc_item_title_style_default\">Coment\u00e1rios de clientes<\/h6><h3 class=\"sc_item_title sc_title_title sc_align_center sc_item_title_style_default sc_item_title_tag\">Propriet\u00e1rios de casas felizes <br> Sobre n\u00f3s<\/h3><\/div><!-- \/.sc_title --><div class=\"vc_empty_space  sc_height_small\"   style=\"height: 0px\"><span class=\"vc_empty_space_inner\"><\/span><\/div><\/div><\/div><\/div><\/div><div class=\"vc_row wpb_row vc_row-fluid vc_custom_1723358597365 vc_row-has-fill vc_row-o-equal-height vc_row-flex shape_divider_top-none shape_divider_bottom-none\"><div class=\"wpb_column vc_column_container vc_col-sm-6 sc_layouts_column_icons_position_left\"><div class=\"vc_column-inner vc_custom_1525184950366\"><div class=\"wpb_wrapper\"><div id=\"sc_content_2058684703\"\n\t\tclass=\"sc_content color_style_default sc_content_default sc_float_center sc_padding_medium\"><div class=\"sc_content_container\"><div class=\"vc_empty_space  hide_on_tablet hide_on_mobile\"   style=\"height: 2.5em\"><span class=\"vc_empty_space_inner\"><\/span><\/div><div  id=\"sc_testimonials_537527634\"\t\tclass=\"sc_testimonials color_style_default scheme_dark sc_testimonials_alter\"><div id=\"sc_testimonials_537527634_outer\" class=\"sc_testimonials_slider sc_item_slider slider_swiper_outer slider_outer slider_outer_nocontrols slider_outer_pagination slider_outer_pagination_bullets slider_outer_pagination_pos_bottom slider_outer_one\">\n\t<div id=\"sc_testimonials_537527634_swiper\" class=\"slider_container swiper-slider-container slider_swiper slider_noresize slider_nocontrols slider_pagination slider_pagination_bullets slider_pagination_pos_bottom slider_one\" data-slides-space=\"40\" data-slides-min-width=\"290\" data-pagination=\"bullets\">\n\t\t<div class=\"slides slider-wrapper swiper-wrapper sc_item_columns_1\"><div class=\"slider-slide swiper-slide\"><div class=\"sc_testimonials_item\">\n\t<div class=\"sc_testimonials_item_content\"><p>\u201cToda a experi\u00eancia tem sido absolutamente incr\u00edvel desde o momento em que abrimos a porta da frente. \u00c9 raro encontrar algu\u00e9m que realmente impressione em termos de atendimento ao cliente, mas eles conseguiram!\u201d<\/p>\n<\/div>\n\t<div class=\"sc_testimonials_item_author\">\n\t\t\t\t\t<div class=\"sc_testimonials_item_author_avatar\"><img decoding=\"async\" width=\"90\" height=\"90\" src=\"https:\/\/sentrycasa.com\/wp-content\/uploads\/2018\/01\/customer-testimonial-01-90x90.jpg\" class=\"attachment-smart_casa-thumb-tiny size-smart_casa-thumb-tiny wp-post-image\" alt=\"Jerry Green\" srcset=\"https:\/\/sentrycasa.com\/wp-content\/uploads\/2018\/01\/customer-testimonial-01-90x90.jpg 90w, https:\/\/sentrycasa.com\/wp-content\/uploads\/2018\/01\/customer-testimonial-01-150x150.jpg 150w, https:\/\/sentrycasa.com\/wp-content\/uploads\/2018\/01\/customer-testimonial-01-370x370.jpg 370w\" sizes=\"(max-width: 90px) 100vw, 90px\" title=\"Jerry Green\"><\/div>\n\t\t\t\t<div class=\"sc_testimonials_item_author_data\">\n\t\t\t<h4 class=\"sc_testimonials_item_author_title\">Jerry Green<\/h4>\n\t\t\t<div class=\"sc_testimonials_item_author_subtitle\">Chicago, IL<\/div>\n\t\t<\/div>\n\t<\/div>\n<\/div>\n<\/div><div class=\"slider-slide swiper-slide\"><div class=\"sc_testimonials_item\">\n\t<div class=\"sc_testimonials_item_content\"><p>\u201cSua empresa cuidou de tudo perfeitamente: do projeto \u00e0 implementa\u00e7\u00e3o. Os t\u00e9cnicos no local se empenharam ao m\u00e1ximo para garantir que a interface fosse personalizada de acordo com nosso estilo de vida e prefer\u00eancias.\u201d<\/p>\n<\/div>\n\t<div class=\"sc_testimonials_item_author\">\n\t\t\t\t\t<div class=\"sc_testimonials_item_author_avatar\"><img decoding=\"async\" width=\"90\" height=\"90\" src=\"https:\/\/sentrycasa.com\/wp-content\/uploads\/2018\/01\/customer-testimonial-02.jpg-90x90.jpg\" class=\"attachment-smart_casa-thumb-tiny size-smart_casa-thumb-tiny wp-post-image\" alt=\"Angie Allen\" srcset=\"https:\/\/sentrycasa.com\/wp-content\/uploads\/2018\/01\/customer-testimonial-02.jpg-90x90.jpg 90w, https:\/\/sentrycasa.com\/wp-content\/uploads\/2018\/01\/customer-testimonial-02.jpg-150x150.jpg 150w, https:\/\/sentrycasa.com\/wp-content\/uploads\/2018\/01\/customer-testimonial-02.jpg-460x460.jpg 460w, https:\/\/sentrycasa.com\/wp-content\/uploads\/2018\/01\/customer-testimonial-02.jpg-370x370.jpg 370w\" sizes=\"(max-width: 90px) 100vw, 90px\" title=\"Angie Allen\"><\/div>\n\t\t\t\t<div class=\"sc_testimonials_item_author_data\">\n\t\t\t<h4 class=\"sc_testimonials_item_author_title\">Angie Allen<\/h4>\n\t\t\t<div class=\"sc_testimonials_item_author_subtitle\">Chicago, IL<\/div>\n\t\t<\/div>\n\t<\/div>\n<\/div>\n<\/div><div class=\"slider-slide swiper-slide\"><div class=\"sc_testimonials_item\">\n\t<div class=\"sc_testimonials_item_content\"><p>\u201cEsses caras entendem do assunto. Os controles de ilumina\u00e7\u00e3o, alarme, climatiza\u00e7\u00e3o e m\u00eddia funcionaram imediatamente ap\u00f3s a instala\u00e7\u00e3o. Tudo se encaixou perfeitamente depois de um tempo. Recomendo muito!\u201d<\/p>\n<\/div>\n\t<div class=\"sc_testimonials_item_author\">\n\t\t\t\t\t<div class=\"sc_testimonials_item_author_avatar\"><img decoding=\"async\" width=\"90\" height=\"90\" src=\"https:\/\/sentrycasa.com\/wp-content\/uploads\/2018\/01\/customer-testimonial-03-90x90.jpg\" class=\"attachment-smart_casa-thumb-tiny size-smart_casa-thumb-tiny wp-post-image\" alt=\"Madeline Butler\" srcset=\"https:\/\/sentrycasa.com\/wp-content\/uploads\/2018\/01\/customer-testimonial-03-90x90.jpg 90w, https:\/\/sentrycasa.com\/wp-content\/uploads\/2018\/01\/customer-testimonial-03-150x150.jpg 150w, https:\/\/sentrycasa.com\/wp-content\/uploads\/2018\/01\/customer-testimonial-03-370x370.jpg 370w\" sizes=\"(max-width: 90px) 100vw, 90px\" title=\"Madeline Butler\"><\/div>\n\t\t\t\t<div class=\"sc_testimonials_item_author_data\">\n\t\t\t<h4 class=\"sc_testimonials_item_author_title\">Madeline Butler<\/h4>\n\t\t\t<div class=\"sc_testimonials_item_author_subtitle\">Chicago, IL<\/div>\n\t\t<\/div>\n\t<\/div>\n<\/div>\n<\/div><\/div><\/div><div class=\"slider_pagination_wrap swiper-pagination\"><\/div><\/div><\/div><!-- \/.sc_testimonials --><\/div><\/div><!-- \/.sc_content --><\/div><\/div><\/div><div class=\"wpb_column vc_column_container vc_col-sm-6 vc_col-has-fill sc_layouts_column_icons_position_left\"><div class=\"vc_column-inner vc_custom_1723358713095\"><div class=\"wpb_wrapper\"><div class=\"vc_empty_space\"   style=\"height: 30em\"><span class=\"vc_empty_space_inner\"><\/span><\/div><\/div><\/div><\/div><\/div>\n<\/div>","protected":false},"excerpt":{"rendered":"\u201cEstes tipos sabem o que fazem. Os controlos de ilumina\u00e7\u00e3o, alarme, climatiza\u00e7\u00e3o e multim\u00e9dia funcionaram imediatamente ap\u00f3s a instala\u00e7\u00e3o. Tudo se encaixou no s\u00edtio certo passado pouco tempo. N\u00e3o posso...","protected":false},"author":1,"featured_media":0,"parent":0,"menu_order":0,"comment_status":"closed","ping_status":"closed","template":"","meta":{"rs_blank_template":"","rs_page_bg_color":"","slide_template_v7":"","footnotes":""},"class_list":["post-92","page","type-page","status-publish","hentry"],"_links":{"self":[{"href":"https:\/\/sentrycasa.com\/pt\/wp-json\/wp\/v2\/pages\/92","targetHints":{"allow":["GET"]}}],"collection":[{"href":"https:\/\/sentrycasa.com\/pt\/wp-json\/wp\/v2\/pages"}],"about":[{"href":"https:\/\/sentrycasa.com\/pt\/wp-json\/wp\/v2\/types\/page"}],"author":[{"embeddable":true,"href":"https:\/\/sentrycasa.com\/pt\/wp-json\/wp\/v2\/users\/1"}],"replies":[{"embeddable":true,"href":"https:\/\/sentrycasa.com\/pt\/wp-json\/wp\/v2\/comments?post=92"}],"version-history":[{"count":0,"href":"https:\/\/sentrycasa.com\/pt\/wp-json\/wp\/v2\/pages\/92\/revisions"}],"wp:attachment":[{"href":"https:\/\/sentrycasa.com\/pt\/wp-json\/wp\/v2\/media?parent=92"}],"curies":[{"name":"wp","href":"https:\/\/api.w.org\/{rel}","templated":true}]}}